{"id":7625,"date":"2016-10-07T11:01:00","date_gmt":"2016-10-07T11:01:00","guid":{"rendered":"https:\/\/www.freealp.com\/family-activity-lago-di-garda"},"modified":"2020-07-14T07:10:03","modified_gmt":"2020-07-14T07:10:03","slug":"family-activity-gardasee","status":"publish","type":"page","link":"https:\/\/www.freealp.com\/de\/family-activity-gardasee\/","title":{"rendered":"Family Activity Gardasee"},"content":{"rendered":"<div id=\"pl-7625\"  class=\"panel-layout\" ><div id=\"pg-7625-0\"  class=\"panel-grid panel-no-style\" ><div id=\"pgc-7625-0-0\"  class=\"panel-grid-cell\" ><div id=\"panel-7625-0-0-0\" class=\"so-panel widget widget_text panel-first-child panel-last-child\" data-index=\"0\" >\t\t\t<div class=\"textwidget\"><p>Spezielle Angebote f\u00fcr Familien, schauen Sie in unser Wochenprogramm, w\u00e4hlen Sie Ihre Lieblingsbesch\u00e4ftigung und Sie werden sofort die vielen Aktivit\u00e4ten genie\u00dfen, die im Outdoor Park Garda Trentino angeboten werden.<\/p>\n<p>Wir bewegen uns in kleinen Gruppen, um Ihnen und Ihren Kleinen die h\u00f6chste Qualit\u00e4t und den besten Service zu bieten.<\/p>\n<p><strong>Unsere Bergf\u00fchrer sind alle UIAGM-zertifiziert.<\/strong><\/p>\n<\/div>\n\t\t<\/div><\/div><\/div><div id=\"pg-7625-1\"  class=\"panel-grid panel-no-style\" ><div id=\"pgc-7625-1-0\"  class=\"panel-grid-cell\" ><div id=\"panel-7625-1-0-0\" class=\"widget_text so-panel widget widget_custom_html panel-first-child\" data-index=\"1\" ><div class=\"widget_text menuattivita panel-widget-style panel-widget-style-for-7625-1-0-0\" ><div class=\"textwidget custom-html-widget\">\t\t\t\t\t\n\t\t\t\t\t<ul class=\"portfolio-grid__nav  js-wpg-nav-holder\" id=\"menuattivitahtml\">\n\t\t\t\t\t\t\t\t\t\t\n\t\t\t\t\t\t\t\t\t\t\t\t\t\t\t\t\t\t\t<li class=\"portfolio-grid__nav-item \">\n\t\t\t\t\t\t\t\t<a href=\"\/de\/canyoning-gardasee\/\" data-category=\"canyoning\" class=\"portfolio-grid__nav-link  js-wpg-nav\">CANYONING<\/a>\n\t\t\t\t\t\t\t<\/li>\n\t\t\t\t\t\t\t\t\t\t\t\t\t<li class=\"portfolio-grid__nav-item \">\n\t\t\t\t\t\t\t\t<a  href=\"\/de\/klettern-gardasee\/\" data-category=\"climbing\" class=\"portfolio-grid__nav-link  js-wpg-nav\">klettern<\/a>\n\t\t\t\t\t\t\t<\/li>\n\t\t\t\t\t\t\t\t\t\t\t\t\t<li class=\"portfolio-grid__nav-item \">\n\t\t\t\t\t\t\t\t<a  href=\"\/de\/klettersteige-gardasee\/\" data-category=\"via-ferrata\" class=\"portfolio-grid__nav-link  js-wpg-nav\">klettersteige<\/a>\n\t\t\t\t\t\t\t<\/li>\n\t\t\t\t\t\t\t\t\t\t\t\t\t<li class=\"portfolio-grid__nav-item is-active\">\n\t\t\t\t\t\t\t\t<a onclick=\"setTimeout(aggiungi_box,1000)\" href=\"\/de\/family-activity-gardasee\/\" data-category=\"family-activity-en\" class=\"portfolio-grid__nav-link  js-wpg-nav\">Family Activity<\/a>\n\t\t\t\t\t\t\t<\/li>\n\t\t\t\t\t\t\t\t\t\t\t<\/ul>\n\n\t\t\t\t\t<\/div><\/div><\/div><div id=\"panel-7625-1-0-1\" class=\"so-panel widget widget_pw_portfolio_grid widget-portfolio-grid panel-last-child\" data-index=\"2\" ><div class=\"hide-header panel-widget-style panel-widget-style-for-7625-1-0-1\" >\t\t\t\t\t<div class=\"portfolio-grid  portfolio-grid--grid\" data-type=\"grid\" data-inarow=\"3\">\n\t\t\t\t\t\t\t\t\t<nav class=\"portfolio-grid__header\">\n\t\t\t\t\t<a href=\"#\" class=\"portfolio-grid__mobile-filter  js-filter  btn  btn-primary  btn-sm  hidden-lg-up\">\n\t\t\t\t\t\t<span class=\"fa  fa-filter\"><\/span> &nbsp;\n\t\t\t\t\t\tFILTER\t\t\t\t\t<\/a>\n\n\t\t\t\t\t\n\t\t\t\t\t<ul class=\"portfolio-grid__nav  js-wpg-nav-holder\">\n\t\t\t\t\t\t\t\t\t\t\t\t\t\t\t\t\t\t\t<li class=\"portfolio-grid__nav-item\">\n\t\t\t\t\t\t\t\t<a onclick=\"setTimeout(aggiungi_box,1000)\" href=\"#widget-1-0-1-family-activity\" data-category=\"family-activity-de\" class=\"portfolio-grid__nav-link  js-wpg-nav\">Family Activity<\/a>\n\t\t\t\t\t\t\t<\/li>\n\t\t\t\t\t\t\t\t\t\t\t<\/ul>\n\n\t\t\t\t\t\t\t\t\t<\/nav>\n\t\t\t\t\t\t\t\t\t<div class=\"js-wpg-items\" onload=\"aggiungi_box()\" zzz>\n\t\t\t\t\t\t\t<div class=\"row\" abc>\n\t\t\t\t\t\t\t\t\t\t<div class=\"col-xs-12  col-sm-6  col-md-6  col-lg-4  js-wpg-item\" data-categories=\"family-activity-de\" aaa>\n\t\t\t\t<div class=\"portfolio-grid__item\">\n\t\t\t\t\t\t\t\t\t\t\t<a class=\"portfolio-grid__image  js-wpg-card\" href=\"https:\/\/www.freealp.com\/de\/portfolio\/klettersteig-family\/\">\n\t\t\t\t\t\t\t<img loading=\"lazy\" decoding=\"async\" width=\"428\" height=\"242\" src=\"https:\/\/www.freealp.com\/wp-content\/uploads\/2018\/03\/family-ferrata-top-428x242.jpg\" class=\"card-img-top  portfolio-grid__card-img wp-post-image\" alt=\"\" \/>\t\t\t\t\t\t\t\t\t\t\t\t\t\t\t<div class=\"portfolio-grid__specification\">\n\t\t\t\t\t\t\t\t\t<i class=\"fa fa-map-marker\" aria-hidden=\"true\"><\/i> Arco - Drena\t\t\t\t\t\t\t\t<\/div>\n\t\t\t\t\t\t\t\t\t\t\t\t\t<\/a>\n\t\t\t\t\t\t\t\t\t\t<div class=\"portfolio-grid__content\">\n\t\t\t\t\t\t<a class=\"h4  portfolio-grid__item-title\" href=\"https:\/\/www.freealp.com\/de\/portfolio\/klettersteig-family\/\">Klettersteig Family<\/a>\n\t\t\t\t\t\t\t\t\t\t\t\t\t<p class=\"portfolio-grid__price\">\u20ac60<\/p>\n\t\t\t\t\t\t\t\t\t\t\t\t\t\t\t\t\t\t\t\t\t\t\t\t\t\t\t\t\t\t\t\t\t\t\t\t\t\t\t\t\t\t\t<div class=\"portfolio-grid__label\" style=\"background-color:limegreen;\">\n\t\t\t\t\t\t\t\t\t\t<!--easy+halber Tag-->\n\t\t\t\t\t\t\t\t\t\teasy\t\t\t\t\t\t\t\t\t<\/div>\n\t\t\t\t\t\t\t\t\t\t\t\t\t\t\t\t\t\t\t\t\t\t\t\t\t<div class=\"portfolio-grid__label\" style=\"background-color:#0093c9;\">\n\t\t\t\t\t\t\t\t\t\t<!--easy+halber Tag-->\n\t\t\t\t\t\t\t\t\t\thalber Tag\t\t\t\t\t\t\t\t\t<\/div>\n\t\t\t\t\t\t\t\t\t\t\t\t\t\t\t\t\t\t\t<\/div>\n\t\t\t\t<\/div>\n\t\t\t<\/div>\n\t\t\t\t\t\t<div class=\"col-xs-12  col-sm-6  col-md-6  col-lg-4  js-wpg-item\" data-categories=\"family-activity-de\" aaa>\n\t\t\t\t<div class=\"portfolio-grid__item\">\n\t\t\t\t\t\t\t\t\t\t\t<a class=\"portfolio-grid__image  js-wpg-card\" href=\"https:\/\/www.freealp.com\/de\/portfolio\/klettern-family\/\">\n\t\t\t\t\t\t\t<img loading=\"lazy\" decoding=\"async\" width=\"428\" height=\"242\" src=\"https:\/\/www.freealp.com\/wp-content\/uploads\/2018\/02\/Climbing-copia-2-428x242.jpg\" class=\"card-img-top  portfolio-grid__card-img wp-post-image\" alt=\"\" \/>\t\t\t\t\t\t\t\t\t\t\t\t\t\t\t<div class=\"portfolio-grid__specification\">\n\t\t\t\t\t\t\t\t\t<i class=\"fa fa-map-marker\" aria-hidden=\"true\"><\/i> Nago\t\t\t\t\t\t\t\t<\/div>\n\t\t\t\t\t\t\t\t\t\t\t\t\t<\/a>\n\t\t\t\t\t\t\t\t\t\t<div class=\"portfolio-grid__content\">\n\t\t\t\t\t\t<a class=\"h4  portfolio-grid__item-title\" href=\"https:\/\/www.freealp.com\/de\/portfolio\/klettern-family\/\">Klettern Family<\/a>\n\t\t\t\t\t\t\t\t\t\t\t\t\t<p class=\"portfolio-grid__price\">\u20ac65<\/p>\n\t\t\t\t\t\t\t\t\t\t\t\t\t\t\t\t\t\t\t\t\t\t\t\t\t\t\t\t\t\t\t\t\t\t\t\t\t\t\t\t\t\t\t<div class=\"portfolio-grid__label\" style=\"background-color:limegreen;\">\n\t\t\t\t\t\t\t\t\t\t<!--easy+halber Tag-->\n\t\t\t\t\t\t\t\t\t\teasy\t\t\t\t\t\t\t\t\t<\/div>\n\t\t\t\t\t\t\t\t\t\t\t\t\t\t\t\t\t\t\t\t\t\t\t\t\t<div class=\"portfolio-grid__label\" style=\"background-color:#0093c9;\">\n\t\t\t\t\t\t\t\t\t\t<!--easy+halber Tag-->\n\t\t\t\t\t\t\t\t\t\thalber Tag\t\t\t\t\t\t\t\t\t<\/div>\n\t\t\t\t\t\t\t\t\t\t\t\t\t\t\t\t\t\t\t<\/div>\n\t\t\t\t<\/div>\n\t\t\t<\/div>\n\t\t\t\t\t\t<div class=\"col-xs-12  col-sm-6  col-md-6  col-lg-4  js-wpg-item\" data-categories=\"family-activity-de\" aaa>\n\t\t\t\t<div class=\"portfolio-grid__item\">\n\t\t\t\t\t\t\t\t\t\t\t<a class=\"portfolio-grid__image  js-wpg-card\" href=\"https:\/\/www.freealp.com\/de\/portfolio\/canyoning-family\/\">\n\t\t\t\t\t\t\t<img loading=\"lazy\" decoding=\"async\" width=\"428\" height=\"242\" src=\"https:\/\/www.freealp.com\/wp-content\/uploads\/2019\/03\/DSCN4900-428x242.jpg\" class=\"card-img-top  portfolio-grid__card-img wp-post-image\" alt=\"\" \/>\t\t\t\t\t\t\t\t\t\t\t\t\t\t\t<div class=\"portfolio-grid__specification\">\n\t\t\t\t\t\t\t\t\t<i class=\"fa fa-map-marker\" aria-hidden=\"true\"><\/i> VAL DI LEDRO\t\t\t\t\t\t\t\t<\/div>\n\t\t\t\t\t\t\t\t\t\t\t\t\t<\/a>\n\t\t\t\t\t\t\t\t\t\t<div class=\"portfolio-grid__content\">\n\t\t\t\t\t\t<a class=\"h4  portfolio-grid__item-title\" href=\"https:\/\/www.freealp.com\/de\/portfolio\/canyoning-family\/\">Canyoning Family<\/a>\n\t\t\t\t\t\t\t\t\t\t\t\t\t<p class=\"portfolio-grid__price\">\u20ac75<\/p>\n\t\t\t\t\t\t\t\t\t\t\t\t\t\t\t\t\t\t\t\t\t\t\t\t\t\t\t\t\t\t\t\t\t\t\t\t\t\t\t\t\t\t\t<div class=\"portfolio-grid__label\" style=\"background-color:limegreen;\">\n\t\t\t\t\t\t\t\t\t\t<!--easy+halber Tag-->\n\t\t\t\t\t\t\t\t\t\teasy\t\t\t\t\t\t\t\t\t<\/div>\n\t\t\t\t\t\t\t\t\t\t\t\t\t\t\t\t\t\t\t\t\t\t\t\t\t<div class=\"portfolio-grid__label\" style=\"background-color:#0093c9;\">\n\t\t\t\t\t\t\t\t\t\t<!--easy+halber Tag-->\n\t\t\t\t\t\t\t\t\t\thalber Tag\t\t\t\t\t\t\t\t\t<\/div>\n\t\t\t\t\t\t\t\t\t\t\t\t\t\t\t\t\t\t\t<\/div>\n\t\t\t\t<\/div>\n\t\t\t<\/div>\n\t\t\t\t\t\t<div class=\"col-xs-12  col-sm-6  col-lg-4  js-wpg-item\" data-categories=\"\">\n\t\t\t\t<div class=\"portfolio-grid__card  portfolio-grid__card--dummy  js-wpg-card\" href=\"https:\/\/www.freealp.com\/de\/portfolio\/canyoning-family\/\">\n\t\t\t\t\t<div class=\"portfolio-grid__card-block  text-xs-center\">\n\t\t\t\t\t\t<span class=\"fa fa-envelope fa-3x\"><\/span>\n\t\t\t\t\t\t<h5 class=\"portfolio-grid__card-title\">Hai altre richieste<\/h5>\n\t\t\t\t\t\t<p class=\"portfolio-grid__card-text\">qualcosa di particolare?<\/p>\n\t\t\t\t\t\t<a href=\"\/contattaci\/\" class=\"portfolio-grid__cta  btn  btn-primary\">Contattaci<\/a>\n\t\t\t\t\t<\/div>\n\t\t\t\t<\/div>\n\t\t\t<\/div>\n\t\t\t\t\t\t\t\t\t\t<\/div>\n\t\t\t\t\t\t<\/div>\n\t\t\t\t\t<\/div>\n\t\t\t\t\t<\/div><\/div><\/div><\/div><\/div>","protected":false},"excerpt":{"rendered":"<p>CANYONING FAMILY Ein unterhaltsamer und unkomplizierter Stream, ideal f\u00fcr diejenigen, die zum ersten Mal mit Canyoning vertraut sind, bei dem sich Dips, Rutschen und Abseilen abwechseln und Abenteuer und Spa\u00df zusammenkommen, um ein unvergessliches Erlebnis zu hinterlassen. Sie werden in die unber\u00fchrte Natur zwischen Felsw\u00e4nden und nat\u00fcrlichen Pools getaucht, die von kristallklarem Wasser in einer &hellip;<\/p>\n","protected":false},"author":1,"featured_media":0,"parent":0,"menu_order":0,"comment_status":"closed","ping_status":"closed","template":"","meta":{"_acf_changed":false,"footnotes":""},"class_list":{"0":"post-7625","1":"page","2":"type-page","3":"status-publish","5":"clearfix","6":"article"},"acf":[],"yoast_head":"<!-- This site is optimized with the Yoast SEO plugin v26.8 - https:\/\/yoast.com\/product\/yoast-seo-wordpress\/ -->\n<title>Family Activity Gardasee - Free Alp<\/title>\n<meta name=\"description\" content=\"Spezielle Angebote f\u00fcr Familien, schauen Sie in unser Wochenprogramm, w\u00e4hlen Sie Ihre Lieblingsbesch\u00e4ftigung und Sie werden sofort die vielen Aktivit\u00e4ten genie\u00dfen, die im Outdoor Park Garda Trentino angeboten werden.Wir bewegen uns in kleinen Gruppen, um Ihnen und Ihren Kleinen die h\u00f6chste Qualit\u00e4t und den besten Service zu bieten.Unsere Bergf\u00fchrer sind alle UIAGM-zertifiziert.\" \/>\n<meta name=\"robots\" content=\"index, follow, max-snippet:-1, max-image-preview:large, max-video-preview:-1\" \/>\n<link rel=\"canonical\" href=\"https:\/\/www.freealp.com\/de\/family-activity-gardasee\/\" \/>\n<meta property=\"og:locale\" content=\"de_DE\" \/>\n<meta property=\"og:type\" content=\"article\" \/>\n<meta property=\"og:title\" content=\"Family Activity Gardasee - Free Alp\" \/>\n<meta property=\"og:description\" content=\"Spezielle Angebote f\u00fcr Familien, schauen Sie in unser Wochenprogramm, w\u00e4hlen Sie Ihre Lieblingsbesch\u00e4ftigung und Sie werden sofort die vielen Aktivit\u00e4ten genie\u00dfen, die im Outdoor Park Garda Trentino angeboten werden.Wir bewegen uns in kleinen Gruppen, um Ihnen und Ihren Kleinen die h\u00f6chste Qualit\u00e4t und den besten Service zu bieten.Unsere Bergf\u00fchrer sind alle UIAGM-zertifiziert.\" \/>\n<meta property=\"og:url\" content=\"https:\/\/www.freealp.com\/de\/family-activity-gardasee\/\" \/>\n<meta property=\"og:site_name\" content=\"Free Alp\" \/>\n<meta property=\"article:modified_time\" content=\"2020-07-14T07:10:03+00:00\" \/>\n<meta name=\"twitter:card\" content=\"summary_large_image\" \/>\n<script type=\"application\/ld+json\" class=\"yoast-schema-graph\">{\"@context\":\"https:\/\/schema.org\",\"@graph\":[{\"@type\":\"WebPage\",\"@id\":\"https:\/\/www.freealp.com\/de\/family-activity-gardasee\/\",\"url\":\"https:\/\/www.freealp.com\/de\/family-activity-gardasee\/\",\"name\":\"Family Activity Gardasee - Free Alp\",\"isPartOf\":{\"@id\":\"https:\/\/www.freealp.com\/#website\"},\"datePublished\":\"2016-10-07T11:01:00+00:00\",\"dateModified\":\"2020-07-14T07:10:03+00:00\",\"description\":\"Spezielle Angebote f\u00fcr Familien, schauen Sie in unser Wochenprogramm, w\u00e4hlen Sie Ihre Lieblingsbesch\u00e4ftigung und Sie werden sofort die vielen Aktivit\u00e4ten genie\u00dfen, die im Outdoor Park Garda Trentino angeboten werden.Wir bewegen uns in kleinen Gruppen, um Ihnen und Ihren Kleinen die h\u00f6chste Qualit\u00e4t und den besten Service zu bieten.Unsere Bergf\u00fchrer sind alle UIAGM-zertifiziert.\",\"breadcrumb\":{\"@id\":\"https:\/\/www.freealp.com\/de\/family-activity-gardasee\/#breadcrumb\"},\"inLanguage\":\"de\",\"potentialAction\":[{\"@type\":\"ReadAction\",\"target\":[\"https:\/\/www.freealp.com\/de\/family-activity-gardasee\/\"]}]},{\"@type\":\"BreadcrumbList\",\"@id\":\"https:\/\/www.freealp.com\/de\/family-activity-gardasee\/#breadcrumb\",\"itemListElement\":[{\"@type\":\"ListItem\",\"position\":1,\"name\":\"Home\",\"item\":\"https:\/\/www.freealp.com\/de\/\"},{\"@type\":\"ListItem\",\"position\":2,\"name\":\"Family Activity Gardasee\"}]},{\"@type\":\"WebSite\",\"@id\":\"https:\/\/www.freealp.com\/#website\",\"url\":\"https:\/\/www.freealp.com\/\",\"name\":\"Free Alp\",\"description\":\"OUTDOOR EMOTION ACTIVITY ARCO GARDA LAKE\",\"potentialAction\":[{\"@type\":\"SearchAction\",\"target\":{\"@type\":\"EntryPoint\",\"urlTemplate\":\"https:\/\/www.freealp.com\/?s={search_term_string}\"},\"query-input\":{\"@type\":\"PropertyValueSpecification\",\"valueRequired\":true,\"valueName\":\"search_term_string\"}}],\"inLanguage\":\"de\"}]}<\/script>\n<!-- \/ Yoast SEO plugin. -->","yoast_head_json":{"title":"Family Activity Gardasee - Free Alp","description":"Spezielle Angebote f\u00fcr Familien, schauen Sie in unser Wochenprogramm, w\u00e4hlen Sie Ihre Lieblingsbesch\u00e4ftigung und Sie werden sofort die vielen Aktivit\u00e4ten genie\u00dfen, die im Outdoor Park Garda Trentino angeboten werden.Wir bewegen uns in kleinen Gruppen, um Ihnen und Ihren Kleinen die h\u00f6chste Qualit\u00e4t und den besten Service zu bieten.Unsere Bergf\u00fchrer sind alle UIAGM-zertifiziert.","robots":{"index":"index","follow":"follow","max-snippet":"max-snippet:-1","max-image-preview":"max-image-preview:large","max-video-preview":"max-video-preview:-1"},"canonical":"https:\/\/www.freealp.com\/de\/family-activity-gardasee\/","og_locale":"de_DE","og_type":"article","og_title":"Family Activity Gardasee - Free Alp","og_description":"Spezielle Angebote f\u00fcr Familien, schauen Sie in unser Wochenprogramm, w\u00e4hlen Sie Ihre Lieblingsbesch\u00e4ftigung und Sie werden sofort die vielen Aktivit\u00e4ten genie\u00dfen, die im Outdoor Park Garda Trentino angeboten werden.Wir bewegen uns in kleinen Gruppen, um Ihnen und Ihren Kleinen die h\u00f6chste Qualit\u00e4t und den besten Service zu bieten.Unsere Bergf\u00fchrer sind alle UIAGM-zertifiziert.","og_url":"https:\/\/www.freealp.com\/de\/family-activity-gardasee\/","og_site_name":"Free Alp","article_modified_time":"2020-07-14T07:10:03+00:00","twitter_card":"summary_large_image","schema":{"@context":"https:\/\/schema.org","@graph":[{"@type":"WebPage","@id":"https:\/\/www.freealp.com\/de\/family-activity-gardasee\/","url":"https:\/\/www.freealp.com\/de\/family-activity-gardasee\/","name":"Family Activity Gardasee - Free Alp","isPartOf":{"@id":"https:\/\/www.freealp.com\/#website"},"datePublished":"2016-10-07T11:01:00+00:00","dateModified":"2020-07-14T07:10:03+00:00","description":"Spezielle Angebote f\u00fcr Familien, schauen Sie in unser Wochenprogramm, w\u00e4hlen Sie Ihre Lieblingsbesch\u00e4ftigung und Sie werden sofort die vielen Aktivit\u00e4ten genie\u00dfen, die im Outdoor Park Garda Trentino angeboten werden.Wir bewegen uns in kleinen Gruppen, um Ihnen und Ihren Kleinen die h\u00f6chste Qualit\u00e4t und den besten Service zu bieten.Unsere Bergf\u00fchrer sind alle UIAGM-zertifiziert.","breadcrumb":{"@id":"https:\/\/www.freealp.com\/de\/family-activity-gardasee\/#breadcrumb"},"inLanguage":"de","potentialAction":[{"@type":"ReadAction","target":["https:\/\/www.freealp.com\/de\/family-activity-gardasee\/"]}]},{"@type":"BreadcrumbList","@id":"https:\/\/www.freealp.com\/de\/family-activity-gardasee\/#breadcrumb","itemListElement":[{"@type":"ListItem","position":1,"name":"Home","item":"https:\/\/www.freealp.com\/de\/"},{"@type":"ListItem","position":2,"name":"Family Activity Gardasee"}]},{"@type":"WebSite","@id":"https:\/\/www.freealp.com\/#website","url":"https:\/\/www.freealp.com\/","name":"Free Alp","description":"OUTDOOR EMOTION ACTIVITY ARCO GARDA LAKE","potentialAction":[{"@type":"SearchAction","target":{"@type":"EntryPoint","urlTemplate":"https:\/\/www.freealp.com\/?s={search_term_string}"},"query-input":{"@type":"PropertyValueSpecification","valueRequired":true,"valueName":"search_term_string"}}],"inLanguage":"de"}]}},"_links":{"self":[{"href":"https:\/\/www.freealp.com\/de\/wp-json\/wp\/v2\/pages\/7625","targetHints":{"allow":["GET"]}}],"collection":[{"href":"https:\/\/www.freealp.com\/de\/wp-json\/wp\/v2\/pages"}],"about":[{"href":"https:\/\/www.freealp.com\/de\/wp-json\/wp\/v2\/types\/page"}],"author":[{"embeddable":true,"href":"https:\/\/www.freealp.com\/de\/wp-json\/wp\/v2\/users\/1"}],"replies":[{"embeddable":true,"href":"https:\/\/www.freealp.com\/de\/wp-json\/wp\/v2\/comments?post=7625"}],"version-history":[{"count":0,"href":"https:\/\/www.freealp.com\/de\/wp-json\/wp\/v2\/pages\/7625\/revisions"}],"wp:attachment":[{"href":"https:\/\/www.freealp.com\/de\/wp-json\/wp\/v2\/media?parent=7625"}],"curies":[{"name":"wp","href":"https:\/\/api.w.org\/{rel}","templated":true}]}}