{"id":7614,"date":"2019-03-19T14:06:15","date_gmt":"2019-03-19T14:06:15","guid":{"rendered":"https:\/\/www.freealp.com\/climbing-lago-di-garda"},"modified":"2020-03-31T13:15:58","modified_gmt":"2020-03-31T13:15:58","slug":"klettern-gardasee","status":"publish","type":"page","link":"https:\/\/www.freealp.com\/de\/klettern-gardasee\/","title":{"rendered":"Klettern Gardasee"},"content":{"rendered":"<div id=\"pl-7614\"  class=\"panel-layout\" ><div id=\"pg-7614-0\"  class=\"panel-grid panel-no-style\" ><div id=\"pgc-7614-0-0\"  class=\"panel-grid-cell\" ><div id=\"panel-7614-0-0-0\" class=\"so-panel widget widget_text panel-first-child panel-last-child\" data-index=\"0\" >\t\t\t<div class=\"textwidget\"><p>Vielleicht ein Spiel, vielleicht ein Instinkt, sicherlich eine Leidenschaft f\u00fcr uns! \u00dcbertragen Sie unsere Erfahrung auf diejenigen, die sich der vertikalen Dimension n\u00e4hern m\u00f6chten, auch wenn Sie einfach nur neugierig sind. Holen Sie sich in das Spiel, lernen Sie noch einmal, wieder staunen!<\/p>\n<p>Klettern wird zum F\u00fchlen, H\u00f6ren, Erkennen von Empfindungen, wird zur Kunst, zur Disziplin.<br \/>\nKlettern ist eine Gelegenheit, Raum zur\u00fcckzugewinnen, der Natur n\u00e4her zu kommen, neue Orte zu entdecken, Klettern wird zu Reisen, Abenteuer und Entdeckung.<\/p>\n<p>Wir bewegen uns in kleinen Gruppen, um Ihnen und Ihren Kleinen die h\u00f6chste Qualit\u00e4t und den besten Service zu bieten.<\/p>\n<p><strong>Unsere Bergf\u00fchrer sind alle von der UIAGM zertifiziert.<\/strong><\/p>\n<\/div>\n\t\t<\/div><\/div><\/div><div id=\"pg-7614-1\"  class=\"panel-grid panel-no-style\" ><div id=\"pgc-7614-1-0\"  class=\"panel-grid-cell\" ><div class=\"menuattivita panel-cell-style panel-cell-style-for-7614-1-0\" ><div id=\"panel-7614-1-0-0\" class=\"widget_text so-panel widget widget_custom_html panel-first-child\" data-index=\"1\" ><div class=\"textwidget custom-html-widget\">\t\t\t\t\t\n\t\t\t\t\t<ul class=\"portfolio-grid__nav  js-wpg-nav-holder\" id=\"menuattivitahtml\">\n\t\t\t\t\t\t\t\t\t\t\n\t\t\t\t\t\t\t\t\t\t\t\t\t\t\t\t\t\t\t<li class=\"portfolio-grid__nav-item \">\n\t\t\t\t\t\t\t\t<a href=\"\/de\/canyoning-gardasee\/\" data-category=\"canyoning\" class=\"portfolio-grid__nav-link  js-wpg-nav\">CANYONING<\/a>\n\t\t\t\t\t\t\t<\/li>\n\t\t\t\t\t\t\t\t\t\t\t\t\t<li class=\"portfolio-grid__nav-item is-active\">\n\t\t\t\t\t\t\t\t<a  href=\"\/de\/klettern-gardasee\/\" data-category=\"climbing\" class=\"portfolio-grid__nav-link  js-wpg-nav\">klettern<\/a>\n\t\t\t\t\t\t\t<\/li>\n\t\t\t\t\t\t\t\t\t\t\t\t\t<li class=\"portfolio-grid__nav-item\">\n\t\t\t\t\t\t\t\t<a  href=\"\/de\/klettersteige-gardasee\/\" data-category=\"via-ferrata\" class=\"portfolio-grid__nav-link  js-wpg-nav\">klettersteige<\/a>\n\t\t\t\t\t\t\t<\/li>\n\t\t\t\t\t\t\t\t\t\t\t\t\t<li class=\"portfolio-grid__nav-item\">\n\t\t\t\t\t\t\t\t<a onclick=\"setTimeout(aggiungi_box,1000)\" href=\"\/de\/family-activity-gardasee\/\" data-category=\"family-activity-en\" class=\"portfolio-grid__nav-link  js-wpg-nav\">Family Activity<\/a>\n\t\t\t\t\t\t\t<\/li>\n\t\t\t\t\t\t\t\t\t\t\t<\/ul>\n\n\t\t\t\t\t<\/div><\/div><div id=\"panel-7614-1-0-1\" class=\"so-panel widget widget_pw_portfolio_grid widget-portfolio-grid panel-last-child\" data-index=\"2\" ><div class=\"hide-header panel-widget-style panel-widget-style-for-7614-1-0-1\" >\t\t\t\t\t<div class=\"portfolio-grid  portfolio-grid--grid\" data-type=\"grid\" data-inarow=\"3\">\n\t\t\t\t\t\t\t\t\t<nav class=\"portfolio-grid__header\">\n\t\t\t\t\t<a href=\"#\" class=\"portfolio-grid__mobile-filter  js-filter  btn  btn-primary  btn-sm  hidden-lg-up\">\n\t\t\t\t\t\t<span class=\"fa  fa-filter\"><\/span> &nbsp;\n\t\t\t\t\t\tFILTER\t\t\t\t\t<\/a>\n\n\t\t\t\t\t\n\t\t\t\t\t<ul class=\"portfolio-grid__nav  js-wpg-nav-holder\">\n\t\t\t\t\t\t\t\t\t\t\t\t\t\t\t\t\t\t\t<li class=\"portfolio-grid__nav-item\">\n\t\t\t\t\t\t\t\t<a onclick=\"setTimeout(aggiungi_box,1000)\" href=\"#widget-1-0-1-climbing\" data-category=\"climbing-de\" class=\"portfolio-grid__nav-link  js-wpg-nav\">Climbing<\/a>\n\t\t\t\t\t\t\t<\/li>\n\t\t\t\t\t\t\t\t\t\t\t<\/ul>\n\n\t\t\t\t\t\t\t\t\t<\/nav>\n\t\t\t\t\t\t\t\t\t<div class=\"js-wpg-items\" onload=\"aggiungi_box()\" zzz>\n\t\t\t\t\t\t\t<div class=\"row\" abc>\n\t\t\t\t\t\t\t\t\t\t<div class=\"col-xs-12  col-sm-6  col-md-6  col-lg-4  js-wpg-item\" data-categories=\"climbing-de\" aaa>\n\t\t\t\t<div class=\"portfolio-grid__item\">\n\t\t\t\t\t\t\t\t\t\t\t<a class=\"portfolio-grid__image  js-wpg-card\" href=\"https:\/\/www.freealp.com\/de\/portfolio\/klettern-experience\/\">\n\t\t\t\t\t\t\t<img loading=\"lazy\" decoding=\"async\" width=\"428\" height=\"242\" src=\"https:\/\/www.freealp.com\/wp-content\/uploads\/2018\/01\/Nago-3-428x242.jpg\" class=\"card-img-top  portfolio-grid__card-img wp-post-image\" alt=\"\" \/>\t\t\t\t\t\t\t\t\t\t\t\t\t\t\t<div class=\"portfolio-grid__specification\">\n\t\t\t\t\t\t\t\t\t<i class=\"fa fa-map-marker\" aria-hidden=\"true\"><\/i> Nago\t\t\t\t\t\t\t\t<\/div>\n\t\t\t\t\t\t\t\t\t\t\t\t\t<\/a>\n\t\t\t\t\t\t\t\t\t\t<div class=\"portfolio-grid__content\">\n\t\t\t\t\t\t<a class=\"h4  portfolio-grid__item-title\" href=\"https:\/\/www.freealp.com\/de\/portfolio\/klettern-experience\/\">Klettern Experience<\/a>\n\t\t\t\t\t\t\t\t\t\t\t\t\t<p class=\"portfolio-grid__price\">\u20ac75<\/p>\n\t\t\t\t\t\t\t\t\t\t\t\t\t\t\t\t\t\t\t\t\t\t\t\t\t\t\t\t\t\t\t\t\t\t\t\t\t\t\t\t\t\t\t<div class=\"portfolio-grid__label\" style=\"background-color:limegreen;\">\n\t\t\t\t\t\t\t\t\t\t<!--easy+halber Tag-->\n\t\t\t\t\t\t\t\t\t\teasy\t\t\t\t\t\t\t\t\t<\/div>\n\t\t\t\t\t\t\t\t\t\t\t\t\t\t\t\t\t\t\t\t\t\t\t\t\t<div class=\"portfolio-grid__label\" style=\"background-color:#0093c9;\">\n\t\t\t\t\t\t\t\t\t\t<!--easy+halber Tag-->\n\t\t\t\t\t\t\t\t\t\thalber Tag\t\t\t\t\t\t\t\t\t<\/div>\n\t\t\t\t\t\t\t\t\t\t\t\t\t\t\t\t\t\t\t<\/div>\n\t\t\t\t<\/div>\n\t\t\t<\/div>\n\t\t\t\t\t\t<div class=\"col-xs-12  col-sm-6  col-md-6  col-lg-4  js-wpg-item\" data-categories=\"climbing-de\" aaa>\n\t\t\t\t<div class=\"portfolio-grid__item\">\n\t\t\t\t\t\t\t\t\t\t\t<a class=\"portfolio-grid__image  js-wpg-card\" href=\"https:\/\/www.freealp.com\/de\/portfolio\/klettern-safety\/\">\n\t\t\t\t\t\t\t<img loading=\"lazy\" decoding=\"async\" width=\"428\" height=\"242\" src=\"https:\/\/www.freealp.com\/wp-content\/uploads\/2018\/02\/safety-428x242.jpg\" class=\"card-img-top  portfolio-grid__card-img wp-post-image\" alt=\"\" \/>\t\t\t\t\t\t\t\t\t\t\t\t\t\t\t<div class=\"portfolio-grid__specification\">\n\t\t\t\t\t\t\t\t\t<i class=\"fa fa-map-marker\" aria-hidden=\"true\"><\/i> ARCO\t\t\t\t\t\t\t\t<\/div>\n\t\t\t\t\t\t\t\t\t\t\t\t\t<\/a>\n\t\t\t\t\t\t\t\t\t\t<div class=\"portfolio-grid__content\">\n\t\t\t\t\t\t<a class=\"h4  portfolio-grid__item-title\" href=\"https:\/\/www.freealp.com\/de\/portfolio\/klettern-safety\/\">Klettern Safety<\/a>\n\t\t\t\t\t\t\t\t\t\t\t\t\t<p class=\"portfolio-grid__price\">\u20ac100<\/p>\n\t\t\t\t\t\t\t\t\t\t\t\t\t\t\t\t\t\t\t\t\t\t\t\t\t\t\t\t\t\t\t\t\t\t\t\t\t\t\t\t\t\t\t<div class=\"portfolio-grid__label\" style=\"background-color:limegreen;\">\n\t\t\t\t\t\t\t\t\t\t<!--easy+halber tag-->\n\t\t\t\t\t\t\t\t\t\teasy\t\t\t\t\t\t\t\t\t<\/div>\n\t\t\t\t\t\t\t\t\t\t\t\t\t\t\t\t\t\t\t\t\t\t\t\t\t<div class=\"portfolio-grid__label\" style=\"background-color:#0093c9;\">\n\t\t\t\t\t\t\t\t\t\t<!--easy+halber tag-->\n\t\t\t\t\t\t\t\t\t\thalber tag\t\t\t\t\t\t\t\t\t<\/div>\n\t\t\t\t\t\t\t\t\t\t\t\t\t\t\t\t\t\t\t<\/div>\n\t\t\t\t<\/div>\n\t\t\t<\/div>\n\t\t\t\t\t\t<div class=\"col-xs-12  col-sm-6  col-md-6  col-lg-4  js-wpg-item\" data-categories=\"climbing-de\" aaa>\n\t\t\t\t<div class=\"portfolio-grid__item\">\n\t\t\t\t\t\t\t\t\t\t\t<a class=\"portfolio-grid__image  js-wpg-card\" href=\"https:\/\/www.freealp.com\/de\/portfolio\/kletterkurs-basis\/\">\n\t\t\t\t\t\t\t<img loading=\"lazy\" decoding=\"async\" width=\"428\" height=\"242\" src=\"https:\/\/www.freealp.com\/wp-content\/uploads\/2018\/03\/DSC02842-428x242.jpg\" class=\"card-img-top  portfolio-grid__card-img wp-post-image\" alt=\"\" \/>\t\t\t\t\t\t\t\t\t\t\t\t\t\t\t<div class=\"portfolio-grid__specification\">\n\t\t\t\t\t\t\t\t\t<i class=\"fa fa-map-marker\" aria-hidden=\"true\"><\/i> ARCO\t\t\t\t\t\t\t\t<\/div>\n\t\t\t\t\t\t\t\t\t\t\t\t\t<\/a>\n\t\t\t\t\t\t\t\t\t\t<div class=\"portfolio-grid__content\">\n\t\t\t\t\t\t<a class=\"h4  portfolio-grid__item-title\" href=\"https:\/\/www.freealp.com\/de\/portfolio\/kletterkurs-basis\/\">Kletterkurs Basis<\/a>\n\t\t\t\t\t\t\t\t\t\t\t\t\t<p class=\"portfolio-grid__price\">\u20ac300<\/p>\n\t\t\t\t\t\t\t\t\t\t\t\t\t\t\t\t\t\t\t\t\t\t\t\t\t\t\t\t\t\t\t\t\t\t\t\t\t\t\t\t\t\t\t<div class=\"portfolio-grid__label\" style=\"background-color:limegreen;\">\n\t\t\t\t\t\t\t\t\t\t<!--easy+3 halber tag-->\n\t\t\t\t\t\t\t\t\t\teasy\t\t\t\t\t\t\t\t\t<\/div>\n\t\t\t\t\t\t\t\t\t\t\t\t\t\t\t\t\t\t\t\t\t\t\t\t\t<div class=\"portfolio-grid__label\">\n\t\t\t\t\t\t\t\t\t\t<!--easy+3 halber tag-->\n\t\t\t\t\t\t\t\t\t\t3 halber tag\t\t\t\t\t\t\t\t\t<\/div>\n\t\t\t\t\t\t\t\t\t\t\t\t\t\t\t\t\t\t<\/div>\n\t\t\t\t<\/div>\n\t\t\t<\/div>\n\t\t\t\t\t\t<div class=\"col-xs-12  col-sm-6  col-md-6  col-lg-4  js-wpg-item\" data-categories=\"climbing-de\" aaa>\n\t\t\t\t<div class=\"portfolio-grid__item\">\n\t\t\t\t\t\t\t\t\t\t\t<a class=\"portfolio-grid__image  js-wpg-card\" href=\"https:\/\/www.freealp.com\/de\/portfolio\/kletterkurs-fuer-fortgeschrittene\/\">\n\t\t\t\t\t\t\t<img loading=\"lazy\" decoding=\"async\" width=\"428\" height=\"242\" src=\"https:\/\/www.freealp.com\/wp-content\/uploads\/2018\/04\/DSC03717-428x242.jpg\" class=\"card-img-top  portfolio-grid__card-img wp-post-image\" alt=\"\" \/>\t\t\t\t\t\t\t\t\t\t\t\t\t\t\t<div class=\"portfolio-grid__specification\">\n\t\t\t\t\t\t\t\t\t<i class=\"fa fa-map-marker\" aria-hidden=\"true\"><\/i> ARCO\t\t\t\t\t\t\t\t<\/div>\n\t\t\t\t\t\t\t\t\t\t\t\t\t<\/a>\n\t\t\t\t\t\t\t\t\t\t<div class=\"portfolio-grid__content\">\n\t\t\t\t\t\t<a class=\"h4  portfolio-grid__item-title\" href=\"https:\/\/www.freealp.com\/de\/portfolio\/kletterkurs-fuer-fortgeschrittene\/\">Kletterkurs f\u00fcr Fortgeschrittene<\/a>\n\t\t\t\t\t\t\t\t\t\t\t\t\t<p class=\"portfolio-grid__price\">\u20ac300<\/p>\n\t\t\t\t\t\t\t\t\t\t\t\t\t\t\t\t\t\t\t\t\t\t\t\t\t\t\t\t\t\t\t\t\t\t\t\t\t\t\t\t\t\t\t<div class=\"portfolio-grid__label\" style=\"background-color:#ffbb00;\">\n\t\t\t\t\t\t\t\t\t\t<!--medium+3 halber tag-->\n\t\t\t\t\t\t\t\t\t\tmedium\t\t\t\t\t\t\t\t\t<\/div>\n\t\t\t\t\t\t\t\t\t\t\t\t\t\t\t\t\t\t\t\t\t\t\t\t\t<div class=\"portfolio-grid__label\">\n\t\t\t\t\t\t\t\t\t\t<!--medium+3 halber tag-->\n\t\t\t\t\t\t\t\t\t\t3 halber tag\t\t\t\t\t\t\t\t\t<\/div>\n\t\t\t\t\t\t\t\t\t\t\t\t\t\t\t\t\t\t<\/div>\n\t\t\t\t<\/div>\n\t\t\t<\/div>\n\t\t\t\t\t\t<div class=\"col-xs-12  col-sm-6  col-md-6  col-lg-4  js-wpg-item\" data-categories=\"climbing-de\" aaa>\n\t\t\t\t<div class=\"portfolio-grid__item\">\n\t\t\t\t\t\t\t\t\t\t\t<a class=\"portfolio-grid__image  js-wpg-card\" href=\"https:\/\/www.freealp.com\/de\/portfolio\/kletterkurs-fuer-mehrseillaengen-tour\/\">\n\t\t\t\t\t\t\t<img loading=\"lazy\" decoding=\"async\" width=\"428\" height=\"242\" src=\"https:\/\/www.freealp.com\/wp-content\/uploads\/2018\/05\/multi1-428x242.jpg\" class=\"card-img-top  portfolio-grid__card-img wp-post-image\" alt=\"\" \/>\t\t\t\t\t\t\t\t\t\t\t\t\t\t\t<div class=\"portfolio-grid__specification\">\n\t\t\t\t\t\t\t\t\t<i class=\"fa fa-map-marker\" aria-hidden=\"true\"><\/i> ARCO\t\t\t\t\t\t\t\t<\/div>\n\t\t\t\t\t\t\t\t\t\t\t\t\t<\/a>\n\t\t\t\t\t\t\t\t\t\t<div class=\"portfolio-grid__content\">\n\t\t\t\t\t\t<a class=\"h4  portfolio-grid__item-title\" href=\"https:\/\/www.freealp.com\/de\/portfolio\/kletterkurs-fuer-mehrseillaengen-tour\/\">Kletterkurs f\u00fcr Mehrseill\u00e4ngen-Tour<\/a>\n\t\t\t\t\t\t\t\t\t\t\t\t\t<p class=\"portfolio-grid__price\">\u20ac300<\/p>\n\t\t\t\t\t\t\t\t\t\t\t\t\t\t\t\t\t\t\t\t\t\t\t\t\t\t\t\t\t\t\t\t\t\t\t\t\t\t\t\t\t\t\t<div class=\"portfolio-grid__label\" style=\"background-color:limegreen;\">\n\t\t\t\t\t\t\t\t\t\t<!--easy+3 halber tag-->\n\t\t\t\t\t\t\t\t\t\teasy\t\t\t\t\t\t\t\t\t<\/div>\n\t\t\t\t\t\t\t\t\t\t\t\t\t\t\t\t\t\t\t\t\t\t\t\t\t<div class=\"portfolio-grid__label\">\n\t\t\t\t\t\t\t\t\t\t<!--easy+3 halber tag-->\n\t\t\t\t\t\t\t\t\t\t3 halber tag\t\t\t\t\t\t\t\t\t<\/div>\n\t\t\t\t\t\t\t\t\t\t\t\t\t\t\t\t\t\t<\/div>\n\t\t\t\t<\/div>\n\t\t\t<\/div>\n\t\t\t\t\t\t<div class=\"col-xs-12  col-sm-6  col-md-6  col-lg-4  js-wpg-item\" data-categories=\"climbing-de\" aaa>\n\t\t\t\t<div class=\"portfolio-grid__item\">\n\t\t\t\t\t\t\t\t\t\t\t<a class=\"portfolio-grid__image  js-wpg-card\" href=\"https:\/\/www.freealp.com\/de\/portfolio\/gefuehrte-mehrseillaengen-touren\/\">\n\t\t\t\t\t\t\t<img loading=\"lazy\" decoding=\"async\" width=\"428\" height=\"242\" src=\"https:\/\/www.freealp.com\/wp-content\/uploads\/2018\/07\/IMG_6854-e1555249028273-428x242.jpg\" class=\"card-img-top  portfolio-grid__card-img wp-post-image\" alt=\"\" \/>\t\t\t\t\t\t\t\t\t\t\t\t\t\t\t<div class=\"portfolio-grid__specification\">\n\t\t\t\t\t\t\t\t\t<i class=\"fa fa-map-marker\" aria-hidden=\"true\"><\/i> ARCO\t\t\t\t\t\t\t\t<\/div>\n\t\t\t\t\t\t\t\t\t\t\t\t\t<\/a>\n\t\t\t\t\t\t\t\t\t\t<div class=\"portfolio-grid__content\">\n\t\t\t\t\t\t<a class=\"h4  portfolio-grid__item-title\" href=\"https:\/\/www.freealp.com\/de\/portfolio\/gefuehrte-mehrseillaengen-touren\/\">Gef\u00fchrte Mehrseill\u00e4ngen Touren<\/a>\n\t\t\t\t\t\t\t\t\t\t\t\t\t<p class=\"portfolio-grid__price\">ab \u20ac250<\/p>\n\t\t\t\t\t\t\t\t\t\t\t\t\t\t\t\t\t\t\t\t\t\t\t\t\t\t\t\t\t\t\t\t\t\t\t\t\t\t\t\t\t\t\t<div class=\"portfolio-grid__label\" style=\"background-color:limegreen;\">\n\t\t\t\t\t\t\t\t\t\t<!--easy+halber &amp; ganzer Tag-->\n\t\t\t\t\t\t\t\t\t\teasy\t\t\t\t\t\t\t\t\t<\/div>\n\t\t\t\t\t\t\t\t\t\t\t\t\t\t\t\t\t\t\t\t\t\t\t\t\t<div class=\"portfolio-grid__label\">\n\t\t\t\t\t\t\t\t\t\t<!--easy+halber &amp; ganzer Tag-->\n\t\t\t\t\t\t\t\t\t\thalber & ganzer Tag\t\t\t\t\t\t\t\t\t<\/div>\n\t\t\t\t\t\t\t\t\t\t\t\t\t\t\t\t\t\t<\/div>\n\t\t\t\t<\/div>\n\t\t\t<\/div>\n\t\t\t\t\t\t<div class=\"col-xs-12  col-sm-6  col-lg-4  js-wpg-item\" data-categories=\"\">\n\t\t\t\t<div class=\"portfolio-grid__card  portfolio-grid__card--dummy  js-wpg-card\" href=\"https:\/\/www.freealp.com\/de\/portfolio\/gefuehrte-mehrseillaengen-touren\/\">\n\t\t\t\t\t<div class=\"portfolio-grid__card-block  text-xs-center\">\n\t\t\t\t\t\t<span class=\"fa fa-envelope fa-3x\"><\/span>\n\t\t\t\t\t\t<h5 class=\"portfolio-grid__card-title\">Hai altre richieste<\/h5>\n\t\t\t\t\t\t<p class=\"portfolio-grid__card-text\">qualcosa di particolare?<\/p>\n\t\t\t\t\t\t<a href=\"\/contattaci\/\" class=\"portfolio-grid__cta  btn  btn-primary\">Contattaci<\/a>\n\t\t\t\t\t<\/div>\n\t\t\t\t<\/div>\n\t\t\t<\/div>\n\t\t\t\t\t\t\t\t\t\t<\/div>\n\t\t\t\t\t\t<\/div>\n\t\t\t\t\t<\/div>\n\t\t\t\t\t<\/div><\/div><\/div><\/div><\/div><\/div>","protected":false},"excerpt":{"rendered":"<p>GEF\u00fcHURTE MEHRSEILL\u00e4NGEN TOUREN Gerne begleiten wir Sie auf den wundersch\u00f6nen Multipich-Routen im Sarcatal, bieten Ihnen eine Reiseroute an und bewerten gemeinsam die Aspekte, die Ihren W\u00fcnschen entsprechen, oder wir ermitteln den f\u00fcr Ihr Kletter- und Erfahrungsniveau am besten geeigneten Weg. Wir k\u00f6nnen halbt\u00e4gige oder ganzt\u00e4gige Anstiege machen. Unsere Bergf\u00fchrer sind alle UIAGM-zertifiziert.<\/p>\n","protected":false},"author":1,"featured_media":0,"parent":0,"menu_order":0,"comment_status":"closed","ping_status":"closed","template":"","meta":{"_acf_changed":false,"footnotes":""},"class_list":{"0":"post-7614","1":"page","2":"type-page","3":"status-publish","5":"clearfix","6":"article"},"acf":[],"yoast_head":"<!-- This site is optimized with the Yoast SEO plugin v26.8 - https:\/\/yoast.com\/product\/yoast-seo-wordpress\/ -->\n<title>Klettern Gardasee - Free Alp<\/title>\n<meta name=\"description\" content=\"Vielleicht ein Spiel, vielleicht ein Instinkt, sicherlich eine Leidenschaft f\u00fcr uns! \u00dcbertragen Sie unsere Erfahrung auf diejenigen, die sich der vertikalen Dimension n\u00e4hern m\u00f6chten, auch wenn Sie einfach nur neugierig sind. Holen Sie sich in das Spiel, lernen Sie noch einmal, wieder staunen!Klettern wird zum F\u00fchlen, H\u00f6ren, Erkennen von Empfindungen, wird zur Kunst, zur Disziplin.Klettern ist eine Gelegenheit, Raum zur\u00fcckzugewinnen, der Natur n\u00e4her zu kommen, neue Orte zu entdecken, Klettern wird zu Reisen, Abenteuer und Entdeckung.Wir bewegen uns in kleinen Gruppen, um Ihnen und Ihren Kleinen die h\u00f6chste Qualit\u00e4t und den besten Service zu bieten.Unsere Bergf\u00fchrer sind alle von der UIAGM zertifiziert.\" \/>\n<meta name=\"robots\" content=\"index, follow, max-snippet:-1, max-image-preview:large, max-video-preview:-1\" \/>\n<link rel=\"canonical\" href=\"https:\/\/www.freealp.com\/de\/klettern-gardasee\/\" \/>\n<meta property=\"og:locale\" content=\"de_DE\" \/>\n<meta property=\"og:type\" content=\"article\" \/>\n<meta property=\"og:title\" content=\"Klettern Gardasee - Free Alp\" \/>\n<meta property=\"og:description\" content=\"Vielleicht ein Spiel, vielleicht ein Instinkt, sicherlich eine Leidenschaft f\u00fcr uns! \u00dcbertragen Sie unsere Erfahrung auf diejenigen, die sich der vertikalen Dimension n\u00e4hern m\u00f6chten, auch wenn Sie einfach nur neugierig sind. Holen Sie sich in das Spiel, lernen Sie noch einmal, wieder staunen!Klettern wird zum F\u00fchlen, H\u00f6ren, Erkennen von Empfindungen, wird zur Kunst, zur Disziplin.Klettern ist eine Gelegenheit, Raum zur\u00fcckzugewinnen, der Natur n\u00e4her zu kommen, neue Orte zu entdecken, Klettern wird zu Reisen, Abenteuer und Entdeckung.Wir bewegen uns in kleinen Gruppen, um Ihnen und Ihren Kleinen die h\u00f6chste Qualit\u00e4t und den besten Service zu bieten.Unsere Bergf\u00fchrer sind alle von der UIAGM zertifiziert.\" \/>\n<meta property=\"og:url\" content=\"https:\/\/www.freealp.com\/de\/klettern-gardasee\/\" \/>\n<meta property=\"og:site_name\" content=\"Free Alp\" \/>\n<meta property=\"article:modified_time\" content=\"2020-03-31T13:15:58+00:00\" \/>\n<meta name=\"twitter:card\" content=\"summary_large_image\" \/>\n<meta name=\"twitter:label1\" content=\"Gesch\u00e4tzte Lesezeit\" \/>\n\t<meta name=\"twitter:data1\" content=\"1\u00a0Minute\" \/>\n<script type=\"application\/ld+json\" class=\"yoast-schema-graph\">{\"@context\":\"https:\/\/schema.org\",\"@graph\":[{\"@type\":\"WebPage\",\"@id\":\"https:\/\/www.freealp.com\/de\/klettern-gardasee\/\",\"url\":\"https:\/\/www.freealp.com\/de\/klettern-gardasee\/\",\"name\":\"Klettern Gardasee - Free Alp\",\"isPartOf\":{\"@id\":\"https:\/\/www.freealp.com\/#website\"},\"datePublished\":\"2019-03-19T14:06:15+00:00\",\"dateModified\":\"2020-03-31T13:15:58+00:00\",\"description\":\"Vielleicht ein Spiel, vielleicht ein Instinkt, sicherlich eine Leidenschaft f\u00fcr uns! \u00dcbertragen Sie unsere Erfahrung auf diejenigen, die sich der vertikalen Dimension n\u00e4hern m\u00f6chten, auch wenn Sie einfach nur neugierig sind. Holen Sie sich in das Spiel, lernen Sie noch einmal, wieder staunen!Klettern wird zum F\u00fchlen, H\u00f6ren, Erkennen von Empfindungen, wird zur Kunst, zur Disziplin.Klettern ist eine Gelegenheit, Raum zur\u00fcckzugewinnen, der Natur n\u00e4her zu kommen, neue Orte zu entdecken, Klettern wird zu Reisen, Abenteuer und Entdeckung.Wir bewegen uns in kleinen Gruppen, um Ihnen und Ihren Kleinen die h\u00f6chste Qualit\u00e4t und den besten Service zu bieten.Unsere Bergf\u00fchrer sind alle von der UIAGM zertifiziert.\",\"breadcrumb\":{\"@id\":\"https:\/\/www.freealp.com\/de\/klettern-gardasee\/#breadcrumb\"},\"inLanguage\":\"de\",\"potentialAction\":[{\"@type\":\"ReadAction\",\"target\":[\"https:\/\/www.freealp.com\/de\/klettern-gardasee\/\"]}]},{\"@type\":\"BreadcrumbList\",\"@id\":\"https:\/\/www.freealp.com\/de\/klettern-gardasee\/#breadcrumb\",\"itemListElement\":[{\"@type\":\"ListItem\",\"position\":1,\"name\":\"Home\",\"item\":\"https:\/\/www.freealp.com\/de\/\"},{\"@type\":\"ListItem\",\"position\":2,\"name\":\"Klettern Gardasee\"}]},{\"@type\":\"WebSite\",\"@id\":\"https:\/\/www.freealp.com\/#website\",\"url\":\"https:\/\/www.freealp.com\/\",\"name\":\"Free Alp\",\"description\":\"OUTDOOR EMOTION ACTIVITY ARCO GARDA LAKE\",\"potentialAction\":[{\"@type\":\"SearchAction\",\"target\":{\"@type\":\"EntryPoint\",\"urlTemplate\":\"https:\/\/www.freealp.com\/?s={search_term_string}\"},\"query-input\":{\"@type\":\"PropertyValueSpecification\",\"valueRequired\":true,\"valueName\":\"search_term_string\"}}],\"inLanguage\":\"de\"}]}<\/script>\n<!-- \/ Yoast SEO plugin. -->","yoast_head_json":{"title":"Klettern Gardasee - Free Alp","description":"Vielleicht ein Spiel, vielleicht ein Instinkt, sicherlich eine Leidenschaft f\u00fcr uns! \u00dcbertragen Sie unsere Erfahrung auf diejenigen, die sich der vertikalen Dimension n\u00e4hern m\u00f6chten, auch wenn Sie einfach nur neugierig sind. Holen Sie sich in das Spiel, lernen Sie noch einmal, wieder staunen!Klettern wird zum F\u00fchlen, H\u00f6ren, Erkennen von Empfindungen, wird zur Kunst, zur Disziplin.Klettern ist eine Gelegenheit, Raum zur\u00fcckzugewinnen, der Natur n\u00e4her zu kommen, neue Orte zu entdecken, Klettern wird zu Reisen, Abenteuer und Entdeckung.Wir bewegen uns in kleinen Gruppen, um Ihnen und Ihren Kleinen die h\u00f6chste Qualit\u00e4t und den besten Service zu bieten.Unsere Bergf\u00fchrer sind alle von der UIAGM zertifiziert.","robots":{"index":"index","follow":"follow","max-snippet":"max-snippet:-1","max-image-preview":"max-image-preview:large","max-video-preview":"max-video-preview:-1"},"canonical":"https:\/\/www.freealp.com\/de\/klettern-gardasee\/","og_locale":"de_DE","og_type":"article","og_title":"Klettern Gardasee - Free Alp","og_description":"Vielleicht ein Spiel, vielleicht ein Instinkt, sicherlich eine Leidenschaft f\u00fcr uns! \u00dcbertragen Sie unsere Erfahrung auf diejenigen, die sich der vertikalen Dimension n\u00e4hern m\u00f6chten, auch wenn Sie einfach nur neugierig sind. Holen Sie sich in das Spiel, lernen Sie noch einmal, wieder staunen!Klettern wird zum F\u00fchlen, H\u00f6ren, Erkennen von Empfindungen, wird zur Kunst, zur Disziplin.Klettern ist eine Gelegenheit, Raum zur\u00fcckzugewinnen, der Natur n\u00e4her zu kommen, neue Orte zu entdecken, Klettern wird zu Reisen, Abenteuer und Entdeckung.Wir bewegen uns in kleinen Gruppen, um Ihnen und Ihren Kleinen die h\u00f6chste Qualit\u00e4t und den besten Service zu bieten.Unsere Bergf\u00fchrer sind alle von der UIAGM zertifiziert.","og_url":"https:\/\/www.freealp.com\/de\/klettern-gardasee\/","og_site_name":"Free Alp","article_modified_time":"2020-03-31T13:15:58+00:00","twitter_card":"summary_large_image","twitter_misc":{"Gesch\u00e4tzte Lesezeit":"1\u00a0Minute"},"schema":{"@context":"https:\/\/schema.org","@graph":[{"@type":"WebPage","@id":"https:\/\/www.freealp.com\/de\/klettern-gardasee\/","url":"https:\/\/www.freealp.com\/de\/klettern-gardasee\/","name":"Klettern Gardasee - Free Alp","isPartOf":{"@id":"https:\/\/www.freealp.com\/#website"},"datePublished":"2019-03-19T14:06:15+00:00","dateModified":"2020-03-31T13:15:58+00:00","description":"Vielleicht ein Spiel, vielleicht ein Instinkt, sicherlich eine Leidenschaft f\u00fcr uns! \u00dcbertragen Sie unsere Erfahrung auf diejenigen, die sich der vertikalen Dimension n\u00e4hern m\u00f6chten, auch wenn Sie einfach nur neugierig sind. Holen Sie sich in das Spiel, lernen Sie noch einmal, wieder staunen!Klettern wird zum F\u00fchlen, H\u00f6ren, Erkennen von Empfindungen, wird zur Kunst, zur Disziplin.Klettern ist eine Gelegenheit, Raum zur\u00fcckzugewinnen, der Natur n\u00e4her zu kommen, neue Orte zu entdecken, Klettern wird zu Reisen, Abenteuer und Entdeckung.Wir bewegen uns in kleinen Gruppen, um Ihnen und Ihren Kleinen die h\u00f6chste Qualit\u00e4t und den besten Service zu bieten.Unsere Bergf\u00fchrer sind alle von der UIAGM zertifiziert.","breadcrumb":{"@id":"https:\/\/www.freealp.com\/de\/klettern-gardasee\/#breadcrumb"},"inLanguage":"de","potentialAction":[{"@type":"ReadAction","target":["https:\/\/www.freealp.com\/de\/klettern-gardasee\/"]}]},{"@type":"BreadcrumbList","@id":"https:\/\/www.freealp.com\/de\/klettern-gardasee\/#breadcrumb","itemListElement":[{"@type":"ListItem","position":1,"name":"Home","item":"https:\/\/www.freealp.com\/de\/"},{"@type":"ListItem","position":2,"name":"Klettern Gardasee"}]},{"@type":"WebSite","@id":"https:\/\/www.freealp.com\/#website","url":"https:\/\/www.freealp.com\/","name":"Free Alp","description":"OUTDOOR EMOTION ACTIVITY ARCO GARDA LAKE","potentialAction":[{"@type":"SearchAction","target":{"@type":"EntryPoint","urlTemplate":"https:\/\/www.freealp.com\/?s={search_term_string}"},"query-input":{"@type":"PropertyValueSpecification","valueRequired":true,"valueName":"search_term_string"}}],"inLanguage":"de"}]}},"_links":{"self":[{"href":"https:\/\/www.freealp.com\/de\/wp-json\/wp\/v2\/pages\/7614","targetHints":{"allow":["GET"]}}],"collection":[{"href":"https:\/\/www.freealp.com\/de\/wp-json\/wp\/v2\/pages"}],"about":[{"href":"https:\/\/www.freealp.com\/de\/wp-json\/wp\/v2\/types\/page"}],"author":[{"embeddable":true,"href":"https:\/\/www.freealp.com\/de\/wp-json\/wp\/v2\/users\/1"}],"replies":[{"embeddable":true,"href":"https:\/\/www.freealp.com\/de\/wp-json\/wp\/v2\/comments?post=7614"}],"version-history":[{"count":0,"href":"https:\/\/www.freealp.com\/de\/wp-json\/wp\/v2\/pages\/7614\/revisions"}],"wp:attachment":[{"href":"https:\/\/www.freealp.com\/de\/wp-json\/wp\/v2\/media?parent=7614"}],"curies":[{"name":"wp","href":"https:\/\/api.w.org\/{rel}","templated":true}]}}