{"id":7607,"date":"2019-03-18T10:59:19","date_gmt":"2019-03-18T10:59:19","guid":{"rendered":"https:\/\/www.freealp.com\/canyoning-lago-di-garda"},"modified":"2020-03-31T13:14:50","modified_gmt":"2020-03-31T13:14:50","slug":"canyoning-gardasee","status":"publish","type":"page","link":"https:\/\/www.freealp.com\/de\/canyoning-gardasee\/","title":{"rendered":"Canyoning Gardasee"},"content":{"rendered":"<div id=\"pl-7607\"  class=\"panel-layout\" ><div id=\"pg-7607-0\"  class=\"panel-grid panel-no-style\" ><div id=\"pgc-7607-0-0\"  class=\"panel-grid-cell\" ><div id=\"panel-7607-0-0-0\" class=\"so-panel widget widget_text panel-first-child panel-last-child\" data-index=\"0\" >\t\t\t<div class=\"textwidget\"><p>Ah, endlich Sommer! Wir sind bereit, in kristallklares Wasser zu tauchen, fabelhafte Wasserf\u00e4lle hinunterzufahren und in Naturrodelbahnen zu rutschen!<\/p>\n<p>Auf der Suche nach coolem Spa\u00df zum Teilen mit Freunden, begleitet von Bergf\u00fchrern, um die Schluchten zu entdecken, die in surreale Umgebungen getaucht sind, in denen wir die Kunst dieses faszinierenden Elements ber\u00fchren, lauschen und Wasser jagen.<\/p>\n<p>Wir bewegen uns in kleinen Gruppen, um Ihnen und Ihren Kleinen die h\u00f6chste Qualit\u00e4t und den besten Service zu bieten.<\/p>\n<p><strong>Unsere Bergf\u00fchrer sind alle von der UIAGM zertifiziert.<\/strong><\/p>\n<\/div>\n\t\t<\/div><\/div><\/div><div id=\"pg-7607-1\"  class=\"panel-grid panel-no-style\" ><div id=\"pgc-7607-1-0\"  class=\"panel-grid-cell\" ><div class=\"menuattivita panel-cell-style panel-cell-style-for-7607-1-0\" ><div id=\"panel-7607-1-0-0\" class=\"widget_text so-panel widget widget_custom_html panel-first-child\" data-index=\"1\" ><div class=\"textwidget custom-html-widget\">\t\t\t\t\t\n\t\t\t\t\t<ul class=\"portfolio-grid__nav  js-wpg-nav-holder\" id=\"menuattivitahtml\">\n\t\t\t\t\t\t\t\t\t\t\n\t\t\t\t\t\t\t\t\t\t\t\t\t\t\t\t\t\t\t<li class=\"portfolio-grid__nav-item is-active\">\n\t\t\t\t\t\t\t\t<a href=\"\/de\/canyoning-gardasee\/\" data-category=\"canyoning\" class=\"portfolio-grid__nav-link  js-wpg-nav\">CANYONING<\/a>\n\t\t\t\t\t\t\t<\/li>\n\t\t\t\t\t\t\t\t\t\t\t\t\t<li class=\"portfolio-grid__nav-item \">\n\t\t\t\t\t\t\t\t<a  href=\"\/de\/klettern-gardasee\/\" data-category=\"climbing\" class=\"portfolio-grid__nav-link  js-wpg-nav\">klettern<\/a>\n\t\t\t\t\t\t\t<\/li>\n\t\t\t\t\t\t\t\t\t\t\t\t\t<li class=\"portfolio-grid__nav-item\">\n\t\t\t\t\t\t\t\t<a  href=\"\/de\/klettersteige-gardasee\/\" data-category=\"via-ferrata\" class=\"portfolio-grid__nav-link  js-wpg-nav\">klettersteige<\/a>\n\t\t\t\t\t\t\t<\/li>\n\t\t\t\t\t\t\t\t\t\t\t\t\t<li class=\"portfolio-grid__nav-item\">\n\t\t\t\t\t\t\t\t<a onclick=\"setTimeout(aggiungi_box,1000)\" href=\"\/de\/family-activity-gardasee\/\" data-category=\"family-activity-en\" class=\"portfolio-grid__nav-link  js-wpg-nav\">Family Activity<\/a>\n\t\t\t\t\t\t\t<\/li>\n\t\t\t\t\t\t\t\t\t\t\t<\/ul>\n\n\t\t\t\t\t<\/div><\/div><div id=\"panel-7607-1-0-1\" class=\"so-panel widget widget_pw_portfolio_grid widget-portfolio-grid panel-last-child\" data-index=\"2\" ><div class=\"hide-header panel-widget-style panel-widget-style-for-7607-1-0-1\" >\t\t\t\t\t<div class=\"portfolio-grid  portfolio-grid--grid\" data-type=\"grid\" data-inarow=\"3\">\n\t\t\t\t\t\t\t\t\t<nav class=\"portfolio-grid__header\">\n\t\t\t\t\t<a href=\"#\" class=\"portfolio-grid__mobile-filter  js-filter  btn  btn-primary  btn-sm  hidden-lg-up\">\n\t\t\t\t\t\t<span class=\"fa  fa-filter\"><\/span> &nbsp;\n\t\t\t\t\t\tFILTER\t\t\t\t\t<\/a>\n\n\t\t\t\t\t\n\t\t\t\t\t<ul class=\"portfolio-grid__nav  js-wpg-nav-holder\">\n\t\t\t\t\t\t\t\t\t\t\t\t\t\t\t\t\t\t\t<li class=\"portfolio-grid__nav-item\">\n\t\t\t\t\t\t\t\t<a onclick=\"setTimeout(aggiungi_box,1000)\" href=\"#widget-1-0-1-canyoning\" data-category=\"canyoning-de\" class=\"portfolio-grid__nav-link  js-wpg-nav\">Canyoning<\/a>\n\t\t\t\t\t\t\t<\/li>\n\t\t\t\t\t\t\t\t\t\t\t<\/ul>\n\n\t\t\t\t\t\t\t\t\t<\/nav>\n\t\t\t\t\t\t\t\t\t<div class=\"js-wpg-items\" onload=\"aggiungi_box()\" zzz>\n\t\t\t\t\t\t\t<div class=\"row\" abc>\n\t\t\t\t\t\t\t\t\t\t<div class=\"col-xs-12  col-sm-6  col-md-6  col-lg-4  js-wpg-item\" data-categories=\"canyoning-de\" aaa>\n\t\t\t\t<div class=\"portfolio-grid__item\">\n\t\t\t\t\t\t\t\t\t\t\t<a class=\"portfolio-grid__image  js-wpg-card\" href=\"https:\/\/www.freealp.com\/de\/portfolio\/rio-nero\/\">\n\t\t\t\t\t\t\t<img loading=\"lazy\" decoding=\"async\" width=\"428\" height=\"242\" src=\"https:\/\/www.freealp.com\/wp-content\/uploads\/2019\/04\/IMG_7069-e1554276035678-428x242.jpg\" class=\"card-img-top  portfolio-grid__card-img wp-post-image\" alt=\"\" \/>\t\t\t\t\t\t\t\t\t\t\t\t\t\t\t<div class=\"portfolio-grid__specification\">\n\t\t\t\t\t\t\t\t\t<i class=\"fa fa-map-marker\" aria-hidden=\"true\"><\/i> VAL DI LEDRO\t\t\t\t\t\t\t\t<\/div>\n\t\t\t\t\t\t\t\t\t\t\t\t\t<\/a>\n\t\t\t\t\t\t\t\t\t\t<div class=\"portfolio-grid__content\">\n\t\t\t\t\t\t<a class=\"h4  portfolio-grid__item-title\" href=\"https:\/\/www.freealp.com\/de\/portfolio\/rio-nero\/\">Canyoning Rio Nero<\/a>\n\t\t\t\t\t\t\t\t\t\t\t\t\t<p class=\"portfolio-grid__price\">\u20ac90<\/p>\n\t\t\t\t\t\t\t\t\t\t\t\t\t\t\t\t\t\t\t\t\t\t\t\t\t\t\t\t\t\t\t\t\t\t\t\t\t\t\t\t\t\t\t<div class=\"portfolio-grid__label\">\n\t\t\t\t\t\t\t\t\t\t<!--easy\/medium+halber tag-->\n\t\t\t\t\t\t\t\t\t\teasy\/medium\t\t\t\t\t\t\t\t\t<\/div>\n\t\t\t\t\t\t\t\t\t\t\t\t\t\t\t\t\t\t\t\t\t\t\t\t<div class=\"portfolio-grid__label\" style=\"background-color:#0093c9;\">\n\t\t\t\t\t\t\t\t\t\t<!--easy\/medium+halber tag-->\n\t\t\t\t\t\t\t\t\t\thalber tag\t\t\t\t\t\t\t\t\t<\/div>\n\t\t\t\t\t\t\t\t\t\t\t\t\t\t\t\t\t\t\t<\/div>\n\t\t\t\t<\/div>\n\t\t\t<\/div>\n\t\t\t\t\t\t<div class=\"col-xs-12  col-sm-6  col-md-6  col-lg-4  js-wpg-item\" data-categories=\"canyoning-de\" aaa>\n\t\t\t\t<div class=\"portfolio-grid__item\">\n\t\t\t\t\t\t\t\t\t\t\t<a class=\"portfolio-grid__image  js-wpg-card\" href=\"https:\/\/www.freealp.com\/de\/portfolio\/vione\/\">\n\t\t\t\t\t\t\t<img loading=\"lazy\" decoding=\"async\" width=\"428\" height=\"242\" src=\"https:\/\/www.freealp.com\/wp-content\/uploads\/2018\/03\/100_0919-428x242.jpg\" class=\"card-img-top  portfolio-grid__card-img wp-post-image\" alt=\"\" \/>\t\t\t\t\t\t\t\t\t\t\t\t\t\t\t<div class=\"portfolio-grid__specification\">\n\t\t\t\t\t\t\t\t\t<i class=\"fa fa-map-marker\" aria-hidden=\"true\"><\/i> TIGNALE\t\t\t\t\t\t\t\t<\/div>\n\t\t\t\t\t\t\t\t\t\t\t\t\t<\/a>\n\t\t\t\t\t\t\t\t\t\t<div class=\"portfolio-grid__content\">\n\t\t\t\t\t\t<a class=\"h4  portfolio-grid__item-title\" href=\"https:\/\/www.freealp.com\/de\/portfolio\/vione\/\">Canyoning Vione<\/a>\n\t\t\t\t\t\t\t\t\t\t\t\t\t<p class=\"portfolio-grid__price\">\u20ac100<\/p>\n\t\t\t\t\t\t\t\t\t\t\t\t\t\t\t\t\t\t\t\t\t\t\t\t\t\t\t\t\t\t\t\t\t\t\t\t\t\t\t\t\t\t\t<div class=\"portfolio-grid__label\">\n\t\t\t\t\t\t\t\t\t\t<!--easy\/medium+halber tag-->\n\t\t\t\t\t\t\t\t\t\teasy\/medium\t\t\t\t\t\t\t\t\t<\/div>\n\t\t\t\t\t\t\t\t\t\t\t\t\t\t\t\t\t\t\t\t\t\t\t\t<div class=\"portfolio-grid__label\" style=\"background-color:#0093c9;\">\n\t\t\t\t\t\t\t\t\t\t<!--easy\/medium+halber tag-->\n\t\t\t\t\t\t\t\t\t\thalber tag\t\t\t\t\t\t\t\t\t<\/div>\n\t\t\t\t\t\t\t\t\t\t\t\t\t\t\t\t\t\t\t<\/div>\n\t\t\t\t<\/div>\n\t\t\t<\/div>\n\t\t\t\t\t\t<div class=\"col-xs-12  col-sm-6  col-md-6  col-lg-4  js-wpg-item\" data-categories=\"canyoning-de\" aaa>\n\t\t\t\t<div class=\"portfolio-grid__item\">\n\t\t\t\t\t\t\t\t\t\t\t<a class=\"portfolio-grid__image  js-wpg-card\" href=\"https:\/\/www.freealp.com\/de\/portfolio\/palvico\/\">\n\t\t\t\t\t\t\t<img loading=\"lazy\" decoding=\"async\" width=\"428\" height=\"242\" src=\"https:\/\/www.freealp.com\/wp-content\/uploads\/2019\/03\/canyoning2-428x242.jpg\" class=\"card-img-top  portfolio-grid__card-img wp-post-image\" alt=\"\" \/>\t\t\t\t\t\t\t\t\t\t\t\t\t\t\t<div class=\"portfolio-grid__specification\">\n\t\t\t\t\t\t\t\t\t<i class=\"fa fa-map-marker\" aria-hidden=\"true\"><\/i> VAL DI LEDRO\t\t\t\t\t\t\t\t<\/div>\n\t\t\t\t\t\t\t\t\t\t\t\t\t<\/a>\n\t\t\t\t\t\t\t\t\t\t<div class=\"portfolio-grid__content\">\n\t\t\t\t\t\t<a class=\"h4  portfolio-grid__item-title\" href=\"https:\/\/www.freealp.com\/de\/portfolio\/palvico\/\">Canyoning Rio Palvico<\/a>\n\t\t\t\t\t\t\t\t\t\t\t\t\t<p class=\"portfolio-grid__price\">\u20ac100<\/p>\n\t\t\t\t\t\t\t\t\t\t\t\t\t\t\t\t\t\t\t\t\t\t\t\t\t\t\t\t\t\t\t\t\t\t\t\t\t\t\t\t\t\t\t<div class=\"portfolio-grid__label\" style=\"background-color:#ffbb00;\">\n\t\t\t\t\t\t\t\t\t\t<!--medium+halber tag-->\n\t\t\t\t\t\t\t\t\t\tmedium\t\t\t\t\t\t\t\t\t<\/div>\n\t\t\t\t\t\t\t\t\t\t\t\t\t\t\t\t\t\t\t\t\t\t\t\t\t<div class=\"portfolio-grid__label\" style=\"background-color:#0093c9;\">\n\t\t\t\t\t\t\t\t\t\t<!--medium+halber tag-->\n\t\t\t\t\t\t\t\t\t\thalber tag\t\t\t\t\t\t\t\t\t<\/div>\n\t\t\t\t\t\t\t\t\t\t\t\t\t\t\t\t\t\t\t<\/div>\n\t\t\t\t<\/div>\n\t\t\t<\/div>\n\t\t\t\t\t\t<div class=\"col-xs-12  col-sm-6  col-md-6  col-lg-4  js-wpg-item\" data-categories=\"canyoning-de\" aaa>\n\t\t\t\t<div class=\"portfolio-grid__item\">\n\t\t\t\t\t\t\t\t\t\t\t<a class=\"portfolio-grid__image  js-wpg-card\" href=\"https:\/\/www.freealp.com\/de\/portfolio\/vione-integrale\/\">\n\t\t\t\t\t\t\t<img loading=\"lazy\" decoding=\"async\" width=\"428\" height=\"242\" src=\"https:\/\/www.freealp.com\/wp-content\/uploads\/2018\/05\/vione-integrale1-428x242.jpg\" class=\"card-img-top  portfolio-grid__card-img wp-post-image\" alt=\"\" \/>\t\t\t\t\t\t\t\t\t\t\t\t\t\t\t<div class=\"portfolio-grid__specification\">\n\t\t\t\t\t\t\t\t\t<i class=\"fa fa-map-marker\" aria-hidden=\"true\"><\/i> TIGNALE\t\t\t\t\t\t\t\t<\/div>\n\t\t\t\t\t\t\t\t\t\t\t\t\t<\/a>\n\t\t\t\t\t\t\t\t\t\t<div class=\"portfolio-grid__content\">\n\t\t\t\t\t\t<a class=\"h4  portfolio-grid__item-title\" href=\"https:\/\/www.freealp.com\/de\/portfolio\/vione-integrale\/\">Canyoning Vione Integrale<\/a>\n\t\t\t\t\t\t\t\t\t\t\t\t\t<p class=\"portfolio-grid__price\">\u20ac165<\/p>\n\t\t\t\t\t\t\t\t\t\t\t\t\t\t\t\t\t\t\t\t\t\t\t\t\t\t\t\t\t\t\t\t\t\t\t\t\t\t\t\t\t\t\t<div class=\"portfolio-grid__label\" style=\"background-color:#ffbb00;\">\n\t\t\t\t\t\t\t\t\t\t<!--medium+ ganzer Tag-->\n\t\t\t\t\t\t\t\t\t\tmedium\t\t\t\t\t\t\t\t\t<\/div>\n\t\t\t\t\t\t\t\t\t\t\t\t\t\t\t\t\t\t\t\t\t\t\t\t\t<div class=\"portfolio-grid__label\" style=\"background-color:#383abc;\">\n\t\t\t\t\t\t\t\t\t\t<!--medium+ ganzer Tag-->\n\t\t\t\t\t\t\t\t\t\t ganzer Tag\t\t\t\t\t\t\t\t\t<\/div>\n\t\t\t\t\t\t\t\t\t\t\t\t\t\t\t\t\t\t\t<\/div>\n\t\t\t\t<\/div>\n\t\t\t<\/div>\n\t\t\t\t\t\t<div class=\"col-xs-12  col-sm-6  col-md-6  col-lg-4  js-wpg-item\" data-categories=\"canyoning-de\" aaa>\n\t\t\t\t<div class=\"portfolio-grid__item\">\n\t\t\t\t\t\t\t\t\t\t\t<a class=\"portfolio-grid__image  js-wpg-card\" href=\"https:\/\/www.freealp.com\/de\/portfolio\/rio-nero-integrale\/\">\n\t\t\t\t\t\t\t<img loading=\"lazy\" decoding=\"async\" width=\"428\" height=\"242\" src=\"https:\/\/www.freealp.com\/wp-content\/uploads\/2018\/06\/rionero-integrale-home-428x242.jpg\" class=\"card-img-top  portfolio-grid__card-img wp-post-image\" alt=\"\" \/>\t\t\t\t\t\t\t\t\t\t\t\t\t\t\t<div class=\"portfolio-grid__specification\">\n\t\t\t\t\t\t\t\t\t<i class=\"fa fa-map-marker\" aria-hidden=\"true\"><\/i> VAL DI LEDRO\t\t\t\t\t\t\t\t<\/div>\n\t\t\t\t\t\t\t\t\t\t\t\t\t<\/a>\n\t\t\t\t\t\t\t\t\t\t<div class=\"portfolio-grid__content\">\n\t\t\t\t\t\t<a class=\"h4  portfolio-grid__item-title\" href=\"https:\/\/www.freealp.com\/de\/portfolio\/rio-nero-integrale\/\">Canyoning Rio Nero Integrale<\/a>\n\t\t\t\t\t\t\t\t\t\t\t\t\t<p class=\"portfolio-grid__price\">\u20ac180<\/p>\n\t\t\t\t\t\t\t\t\t\t\t\t\t\t\t\t\t\t\t\t\t\t\t\t\t\t\t\t\t\t\t\t\t\t\t\t\t\t\t\t\t\t\t<div class=\"portfolio-grid__label\">\n\t\t\t\t\t\t\t\t\t\t<!--medium hard+ganzer Tag-->\n\t\t\t\t\t\t\t\t\t\tmedium hard\t\t\t\t\t\t\t\t\t<\/div>\n\t\t\t\t\t\t\t\t\t\t\t\t\t\t\t\t\t\t\t\t\t\t\t\t<div class=\"portfolio-grid__label\" style=\"background-color:#383abc;\">\n\t\t\t\t\t\t\t\t\t\t<!--medium hard+ganzer Tag-->\n\t\t\t\t\t\t\t\t\t\tganzer Tag\t\t\t\t\t\t\t\t\t<\/div>\n\t\t\t\t\t\t\t\t\t\t\t\t\t\t\t\t\t\t\t<\/div>\n\t\t\t\t<\/div>\n\t\t\t<\/div>\n\t\t\t\t\t\t<div class=\"col-xs-12  col-sm-6  col-lg-4  js-wpg-item\" data-categories=\"\">\n\t\t\t\t<div class=\"portfolio-grid__card  portfolio-grid__card--dummy  js-wpg-card\" href=\"https:\/\/www.freealp.com\/de\/portfolio\/rio-nero-integrale\/\">\n\t\t\t\t\t<div class=\"portfolio-grid__card-block  text-xs-center\">\n\t\t\t\t\t\t<span class=\"fa fa-envelope fa-3x\"><\/span>\n\t\t\t\t\t\t<h5 class=\"portfolio-grid__card-title\">Hai altre richieste<\/h5>\n\t\t\t\t\t\t<p class=\"portfolio-grid__card-text\">qualcosa di particolare?<\/p>\n\t\t\t\t\t\t<a href=\"\/contattaci\/\" class=\"portfolio-grid__cta  btn  btn-primary\">Contattaci<\/a>\n\t\t\t\t\t<\/div>\n\t\t\t\t<\/div>\n\t\t\t<\/div>\n\t\t\t\t\t\t\t\t\t\t<\/div>\n\t\t\t\t\t\t<\/div>\n\t\t\t\t\t<\/div>\n\t\t\t\t\t<\/div><\/div><\/div><\/div><\/div><\/div>","protected":false},"excerpt":{"rendered":"<p>CANYONING RIO NERO INTEGRALE Langer und wilder Canyon, der uns auf ein faszinierendes Wasserabenteuer entf\u00fchrt, um entfernte und normalerweise unzug\u00e4ngliche Orte zu entdecken. Dips, Tauchg\u00e4nge und Rutschen, umgeben von Schluchten, Steinen und kristallklarem Wasser. Wir werden zwischen Mauern und nat\u00fcrlichen Pools hinabsteigen, wo Adrenalin und Spa\u00df dieses Erlebnis einzigartig machen. Wir bewegen uns in kleinen &hellip;<\/p>\n","protected":false},"author":1,"featured_media":7829,"parent":0,"menu_order":0,"comment_status":"closed","ping_status":"closed","template":"","meta":{"_acf_changed":false,"footnotes":""},"class_list":{"0":"post-7607","1":"page","2":"type-page","3":"status-publish","4":"has-post-thumbnail","6":"clearfix","7":"article"},"acf":[],"yoast_head":"<!-- This site is optimized with the Yoast SEO plugin v26.8 - https:\/\/yoast.com\/product\/yoast-seo-wordpress\/ -->\n<title>Canyoning Gardasee - Free Alp<\/title>\n<meta name=\"description\" content=\"Ah, endlich Sommer! Wir sind bereit, in kristallklares Wasser zu tauchen, fabelhafte Wasserf\u00e4lle hinunterzufahren und in Naturrodelbahnen zu rutschen!Auf der Suche nach coolem Spa\u00df zum Teilen mit Freunden, begleitet von Bergf\u00fchrern, um die Schluchten zu entdecken, die in surreale Umgebungen getaucht sind, in denen wir die Kunst dieses faszinierenden Elements ber\u00fchren, lauschen und Wasser jagen.Wir bewegen uns in kleinen Gruppen, um Ihnen und Ihren Kleinen die h\u00f6chste Qualit\u00e4t und den besten Service zu bieten.Unsere Bergf\u00fchrer sind alle von der UIAGM zertifiziert.\" \/>\n<meta name=\"robots\" content=\"index, follow, max-snippet:-1, max-image-preview:large, max-video-preview:-1\" \/>\n<link rel=\"canonical\" href=\"https:\/\/www.freealp.com\/de\/canyoning-gardasee\/\" \/>\n<meta property=\"og:locale\" content=\"de_DE\" \/>\n<meta property=\"og:type\" content=\"article\" \/>\n<meta property=\"og:title\" content=\"Canyoning Gardasee - Free Alp\" \/>\n<meta property=\"og:description\" content=\"Ah, endlich Sommer! Wir sind bereit, in kristallklares Wasser zu tauchen, fabelhafte Wasserf\u00e4lle hinunterzufahren und in Naturrodelbahnen zu rutschen!Auf der Suche nach coolem Spa\u00df zum Teilen mit Freunden, begleitet von Bergf\u00fchrern, um die Schluchten zu entdecken, die in surreale Umgebungen getaucht sind, in denen wir die Kunst dieses faszinierenden Elements ber\u00fchren, lauschen und Wasser jagen.Wir bewegen uns in kleinen Gruppen, um Ihnen und Ihren Kleinen die h\u00f6chste Qualit\u00e4t und den besten Service zu bieten.Unsere Bergf\u00fchrer sind alle von der UIAGM zertifiziert.\" \/>\n<meta property=\"og:url\" content=\"https:\/\/www.freealp.com\/de\/canyoning-gardasee\/\" \/>\n<meta property=\"og:site_name\" content=\"Free Alp\" \/>\n<meta property=\"article:modified_time\" content=\"2020-03-31T13:14:50+00:00\" \/>\n<meta property=\"og:image\" content=\"https:\/\/www.freealp.com\/wp-content\/uploads\/2018\/03\/IMG_0009.jpg\" \/>\n\t<meta property=\"og:image:width\" content=\"2048\" \/>\n\t<meta property=\"og:image:height\" content=\"1536\" \/>\n\t<meta property=\"og:image:type\" content=\"image\/jpeg\" \/>\n<meta name=\"twitter:card\" content=\"summary_large_image\" \/>\n<meta name=\"twitter:label1\" content=\"Gesch\u00e4tzte Lesezeit\" \/>\n\t<meta name=\"twitter:data1\" content=\"1\u00a0Minute\" \/>\n<script type=\"application\/ld+json\" class=\"yoast-schema-graph\">{\"@context\":\"https:\/\/schema.org\",\"@graph\":[{\"@type\":\"WebPage\",\"@id\":\"https:\/\/www.freealp.com\/de\/canyoning-gardasee\/\",\"url\":\"https:\/\/www.freealp.com\/de\/canyoning-gardasee\/\",\"name\":\"Canyoning Gardasee - Free Alp\",\"isPartOf\":{\"@id\":\"https:\/\/www.freealp.com\/#website\"},\"primaryImageOfPage\":{\"@id\":\"https:\/\/www.freealp.com\/de\/canyoning-gardasee\/#primaryimage\"},\"image\":{\"@id\":\"https:\/\/www.freealp.com\/de\/canyoning-gardasee\/#primaryimage\"},\"thumbnailUrl\":\"https:\/\/www.freealp.com\/wp-content\/uploads\/2018\/03\/IMG_0009.jpg\",\"datePublished\":\"2019-03-18T10:59:19+00:00\",\"dateModified\":\"2020-03-31T13:14:50+00:00\",\"description\":\"Ah, endlich Sommer! Wir sind bereit, in kristallklares Wasser zu tauchen, fabelhafte Wasserf\u00e4lle hinunterzufahren und in Naturrodelbahnen zu rutschen!Auf der Suche nach coolem Spa\u00df zum Teilen mit Freunden, begleitet von Bergf\u00fchrern, um die Schluchten zu entdecken, die in surreale Umgebungen getaucht sind, in denen wir die Kunst dieses faszinierenden Elements ber\u00fchren, lauschen und Wasser jagen.Wir bewegen uns in kleinen Gruppen, um Ihnen und Ihren Kleinen die h\u00f6chste Qualit\u00e4t und den besten Service zu bieten.Unsere Bergf\u00fchrer sind alle von der UIAGM zertifiziert.\",\"breadcrumb\":{\"@id\":\"https:\/\/www.freealp.com\/de\/canyoning-gardasee\/#breadcrumb\"},\"inLanguage\":\"de\",\"potentialAction\":[{\"@type\":\"ReadAction\",\"target\":[\"https:\/\/www.freealp.com\/de\/canyoning-gardasee\/\"]}]},{\"@type\":\"ImageObject\",\"inLanguage\":\"de\",\"@id\":\"https:\/\/www.freealp.com\/de\/canyoning-gardasee\/#primaryimage\",\"url\":\"https:\/\/www.freealp.com\/wp-content\/uploads\/2018\/03\/IMG_0009.jpg\",\"contentUrl\":\"https:\/\/www.freealp.com\/wp-content\/uploads\/2018\/03\/IMG_0009.jpg\",\"width\":2048,\"height\":1536},{\"@type\":\"BreadcrumbList\",\"@id\":\"https:\/\/www.freealp.com\/de\/canyoning-gardasee\/#breadcrumb\",\"itemListElement\":[{\"@type\":\"ListItem\",\"position\":1,\"name\":\"Home\",\"item\":\"https:\/\/www.freealp.com\/de\/\"},{\"@type\":\"ListItem\",\"position\":2,\"name\":\"Canyoning Gardasee\"}]},{\"@type\":\"WebSite\",\"@id\":\"https:\/\/www.freealp.com\/#website\",\"url\":\"https:\/\/www.freealp.com\/\",\"name\":\"Free Alp\",\"description\":\"OUTDOOR EMOTION ACTIVITY ARCO GARDA LAKE\",\"potentialAction\":[{\"@type\":\"SearchAction\",\"target\":{\"@type\":\"EntryPoint\",\"urlTemplate\":\"https:\/\/www.freealp.com\/?s={search_term_string}\"},\"query-input\":{\"@type\":\"PropertyValueSpecification\",\"valueRequired\":true,\"valueName\":\"search_term_string\"}}],\"inLanguage\":\"de\"}]}<\/script>\n<!-- \/ Yoast SEO plugin. -->","yoast_head_json":{"title":"Canyoning Gardasee - Free Alp","description":"Ah, endlich Sommer! Wir sind bereit, in kristallklares Wasser zu tauchen, fabelhafte Wasserf\u00e4lle hinunterzufahren und in Naturrodelbahnen zu rutschen!Auf der Suche nach coolem Spa\u00df zum Teilen mit Freunden, begleitet von Bergf\u00fchrern, um die Schluchten zu entdecken, die in surreale Umgebungen getaucht sind, in denen wir die Kunst dieses faszinierenden Elements ber\u00fchren, lauschen und Wasser jagen.Wir bewegen uns in kleinen Gruppen, um Ihnen und Ihren Kleinen die h\u00f6chste Qualit\u00e4t und den besten Service zu bieten.Unsere Bergf\u00fchrer sind alle von der UIAGM zertifiziert.","robots":{"index":"index","follow":"follow","max-snippet":"max-snippet:-1","max-image-preview":"max-image-preview:large","max-video-preview":"max-video-preview:-1"},"canonical":"https:\/\/www.freealp.com\/de\/canyoning-gardasee\/","og_locale":"de_DE","og_type":"article","og_title":"Canyoning Gardasee - Free Alp","og_description":"Ah, endlich Sommer! Wir sind bereit, in kristallklares Wasser zu tauchen, fabelhafte Wasserf\u00e4lle hinunterzufahren und in Naturrodelbahnen zu rutschen!Auf der Suche nach coolem Spa\u00df zum Teilen mit Freunden, begleitet von Bergf\u00fchrern, um die Schluchten zu entdecken, die in surreale Umgebungen getaucht sind, in denen wir die Kunst dieses faszinierenden Elements ber\u00fchren, lauschen und Wasser jagen.Wir bewegen uns in kleinen Gruppen, um Ihnen und Ihren Kleinen die h\u00f6chste Qualit\u00e4t und den besten Service zu bieten.Unsere Bergf\u00fchrer sind alle von der UIAGM zertifiziert.","og_url":"https:\/\/www.freealp.com\/de\/canyoning-gardasee\/","og_site_name":"Free Alp","article_modified_time":"2020-03-31T13:14:50+00:00","og_image":[{"width":2048,"height":1536,"url":"https:\/\/www.freealp.com\/wp-content\/uploads\/2018\/03\/IMG_0009.jpg","type":"image\/jpeg"}],"twitter_card":"summary_large_image","twitter_misc":{"Gesch\u00e4tzte Lesezeit":"1\u00a0Minute"},"schema":{"@context":"https:\/\/schema.org","@graph":[{"@type":"WebPage","@id":"https:\/\/www.freealp.com\/de\/canyoning-gardasee\/","url":"https:\/\/www.freealp.com\/de\/canyoning-gardasee\/","name":"Canyoning Gardasee - Free Alp","isPartOf":{"@id":"https:\/\/www.freealp.com\/#website"},"primaryImageOfPage":{"@id":"https:\/\/www.freealp.com\/de\/canyoning-gardasee\/#primaryimage"},"image":{"@id":"https:\/\/www.freealp.com\/de\/canyoning-gardasee\/#primaryimage"},"thumbnailUrl":"https:\/\/www.freealp.com\/wp-content\/uploads\/2018\/03\/IMG_0009.jpg","datePublished":"2019-03-18T10:59:19+00:00","dateModified":"2020-03-31T13:14:50+00:00","description":"Ah, endlich Sommer! Wir sind bereit, in kristallklares Wasser zu tauchen, fabelhafte Wasserf\u00e4lle hinunterzufahren und in Naturrodelbahnen zu rutschen!Auf der Suche nach coolem Spa\u00df zum Teilen mit Freunden, begleitet von Bergf\u00fchrern, um die Schluchten zu entdecken, die in surreale Umgebungen getaucht sind, in denen wir die Kunst dieses faszinierenden Elements ber\u00fchren, lauschen und Wasser jagen.Wir bewegen uns in kleinen Gruppen, um Ihnen und Ihren Kleinen die h\u00f6chste Qualit\u00e4t und den besten Service zu bieten.Unsere Bergf\u00fchrer sind alle von der UIAGM zertifiziert.","breadcrumb":{"@id":"https:\/\/www.freealp.com\/de\/canyoning-gardasee\/#breadcrumb"},"inLanguage":"de","potentialAction":[{"@type":"ReadAction","target":["https:\/\/www.freealp.com\/de\/canyoning-gardasee\/"]}]},{"@type":"ImageObject","inLanguage":"de","@id":"https:\/\/www.freealp.com\/de\/canyoning-gardasee\/#primaryimage","url":"https:\/\/www.freealp.com\/wp-content\/uploads\/2018\/03\/IMG_0009.jpg","contentUrl":"https:\/\/www.freealp.com\/wp-content\/uploads\/2018\/03\/IMG_0009.jpg","width":2048,"height":1536},{"@type":"BreadcrumbList","@id":"https:\/\/www.freealp.com\/de\/canyoning-gardasee\/#breadcrumb","itemListElement":[{"@type":"ListItem","position":1,"name":"Home","item":"https:\/\/www.freealp.com\/de\/"},{"@type":"ListItem","position":2,"name":"Canyoning Gardasee"}]},{"@type":"WebSite","@id":"https:\/\/www.freealp.com\/#website","url":"https:\/\/www.freealp.com\/","name":"Free Alp","description":"OUTDOOR EMOTION ACTIVITY ARCO GARDA LAKE","potentialAction":[{"@type":"SearchAction","target":{"@type":"EntryPoint","urlTemplate":"https:\/\/www.freealp.com\/?s={search_term_string}"},"query-input":{"@type":"PropertyValueSpecification","valueRequired":true,"valueName":"search_term_string"}}],"inLanguage":"de"}]}},"_links":{"self":[{"href":"https:\/\/www.freealp.com\/de\/wp-json\/wp\/v2\/pages\/7607","targetHints":{"allow":["GET"]}}],"collection":[{"href":"https:\/\/www.freealp.com\/de\/wp-json\/wp\/v2\/pages"}],"about":[{"href":"https:\/\/www.freealp.com\/de\/wp-json\/wp\/v2\/types\/page"}],"author":[{"embeddable":true,"href":"https:\/\/www.freealp.com\/de\/wp-json\/wp\/v2\/users\/1"}],"replies":[{"embeddable":true,"href":"https:\/\/www.freealp.com\/de\/wp-json\/wp\/v2\/comments?post=7607"}],"version-history":[{"count":0,"href":"https:\/\/www.freealp.com\/de\/wp-json\/wp\/v2\/pages\/7607\/revisions"}],"wp:featuredmedia":[{"embeddable":true,"href":"https:\/\/www.freealp.com\/de\/wp-json\/wp\/v2\/media\/7829"}],"wp:attachment":[{"href":"https:\/\/www.freealp.com\/de\/wp-json\/wp\/v2\/media?parent=7607"}],"curies":[{"name":"wp","href":"https:\/\/api.w.org\/{rel}","templated":true}]}}