{"id":10514,"date":"2020-08-07T12:51:45","date_gmt":"2020-08-07T12:51:45","guid":{"rendered":"https:\/\/www.freealp.com\/?page_id=10514"},"modified":"2021-05-11T16:40:48","modified_gmt":"2021-05-11T14:40:48","slug":"arco-bergfuehrer-free-alp-outdoor-aktivitaeten-am-gardasee-canyoning-klettern-klettersteig-kinder-familie","status":"publish","type":"page","link":"https:\/\/www.freealp.com\/de\/","title":{"rendered":"Arco Bergf\u00fchrer &#8211; Free Alp Outdoor-Aktivit\u00e4ten am Gardasee &#8211; Canyoning, Klettern, Klettersteig, Kinder &#038; Familie"},"content":{"rendered":"<div id=\"pl-10514\"  class=\"panel-layout\" ><div id=\"pg-10514-0\"  class=\"panel-grid panel-has-style\" ><div class=\"siteorigin-panels-stretch panel-row-style panel-row-style-for-10514-0\" data-stretch-type=\"full-stretched\" ><div id=\"pgc-10514-0-0\"  class=\"panel-grid-cell\" ><div id=\"panel-10514-0-0-0\" class=\"so-panel widget widget_pw_special_title widget-special-title panel-first-child panel-last-child\" data-index=\"0\" >\t\t\t<h2 class=\"special-title\">\n\t\t\t\tACTIVITIES\t\t\t<\/h2>\n\t\t<\/div><\/div><\/div><\/div><div id=\"pg-10514-1\"  class=\"panel-grid panel-has-style\" ><div class=\"siteorigin-panels-stretch panel-row-style panel-row-style-for-10514-1\" id=\"row-homepage-1\" data-stretch-type=\"full-stretched-padded\" ><div id=\"pgc-10514-1-0\"  class=\"panel-grid-cell\" ><div id=\"panel-10514-1-0-0\" class=\"widget_text so-panel widget widget_custom_html panel-first-child panel-last-child\" data-index=\"1\" ><div class=\"textwidget custom-html-widget\"><div class=\"page-box  page-box--block\">\n\t\t\t\t\t\t<a class=\"page-box__picture\" href=\"https:\/\/www.freealp.com\/de\/canyoning-gardasee\/\">\n\t\t\t\t\t<img loading=\"lazy\" decoding=\"async\" src=\"https:\/\/www.freealp.com\/wp-content\/uploads\/2019\/05\/home_canyoning_2.jpg\" width=\"350\" height=\"175\" srcset=\"https:\/\/www.freealp.com\/wp-content\/uploads\/2019\/05\/home_canyoning_2.jpg 350w, https:\/\/www.freealp.com\/wp-content\/uploads\/2019\/05\/home_canyoning_2.jpg 860w\" sizes=\"auto, (min-width: 1200px) 350px, (min-width: 992px) 290px, (min-width: 768px) 690px, (min-width: 576px) 510px, calc(100vw - 30px)\" class=\"wp-post-image\" alt=\"Canyoning\">\n\t\t\t\t\t\t\t\t\t<\/a>\n\t\t\t\t\t\t\t\t<div class=\"page-box__content\">\n\t\t\t<h2 class=\"page-box__title\"><a href=\"https:\/\/www.freealp.com\/de\/canyoning-gardasee\/\">CANYONING<\/a><\/h2>\n\t\t\t\t\t<\/div>\n\t<\/div><\/div><\/div><\/div><div id=\"pgc-10514-1-1\"  class=\"panel-grid-cell\" ><div id=\"panel-10514-1-1-0\" class=\"widget_text so-panel widget widget_custom_html panel-first-child panel-last-child\" data-index=\"2\" ><div class=\"textwidget custom-html-widget\"><div class=\"page-box  page-box--block\">\n\t\t\t\t\t\t<a class=\"page-box__picture\" href=\"https:\/\/www.freealp.com\/de\/klettern-gardasee\/\">\n\t\t\t\t\t<img loading=\"lazy\" decoding=\"async\" src=\"https:\/\/www.freealp.com\/wp-content\/uploads\/2019\/04\/climbing.jpg\" width=\"350\" height=\"175\" srcset=\"https:\/\/www.freealp.com\/wp-content\/uploads\/2019\/04\/climbing.jpg 350w, https:\/\/www.freealp.com\/wp-content\/uploads\/2019\/04\/climbing.jpg 860w\" sizes=\"auto, (min-width: 1200px) 350px, (min-width: 992px) 290px, (min-width: 768px) 690px, (min-width: 576px) 510px, calc(100vw - 30px)\" class=\"wp-post-image\" alt=\"Vie Ferrate\">\n\t\t\t\t\t\t\t\t\t<\/a>\n\t\t\t\t\t\t\t\t<div class=\"page-box__content\">\n\t\t\t<h2 class=\"page-box__title\"><a href=\"https:\/\/www.freealp.com\/de\/klettern-gardasee\/\">KLETTERN <\/a><\/h2>\n\t\t\t\t\t<\/div>\n\t<\/div><\/div><\/div><\/div><div id=\"pgc-10514-1-2\"  class=\"panel-grid-cell\" ><div id=\"panel-10514-1-2-0\" class=\"widget_text so-panel widget widget_custom_html panel-first-child panel-last-child\" data-index=\"3\" ><div class=\"textwidget custom-html-widget\"><div class=\"page-box  page-box--block\">\n\t\t\t\t\t\t<a class=\"page-box__picture\" href=\"https:\/\/www.freealp.com\/de\/klettersteige-gardasee\/\">\n\t\t\t\t\t<img loading=\"lazy\" decoding=\"async\" src=\"https:\/\/www.freealp.com\/wp-content\/uploads\/2019\/05\/home_viaferrata_2.jpg\" width=\"350\" height=\"175\" srcset=\"https:\/\/www.freealp.com\/wp-content\/uploads\/2019\/05\/home_viaferrata_2.jpg 350w, https:\/\/www.freealp.com\/wp-content\/uploads\/2019\/05\/home_viaferrata_2.jpg 860w\" sizes=\"auto, (min-width: 1200px) 350px, (min-width: 992px) 290px, (min-width: 768px) 690px, (min-width: 576px) 510px, calc(100vw - 30px)\" class=\"wp-post-image\" alt=\"Vie Ferrate\">\n\t\t\t\t\t\t\t\t\t<\/a>\n\t\t\t\t\t\t\t\t<div class=\"page-box__content\">\n\t\t\t<h2 class=\"page-box__title\"><a href=\"https:\/\/www.freealp.com\/de\/klettersteige-gardasee\/\">KLETTERSTEIGE <\/a><\/h2>\n\t\t\t\t\t<\/div>\n\t<\/div><\/div><\/div><\/div><div id=\"pgc-10514-1-3\"  class=\"panel-grid-cell\" ><div id=\"panel-10514-1-3-0\" class=\"widget_text so-panel widget widget_custom_html panel-first-child panel-last-child\" data-index=\"4\" ><div class=\"textwidget custom-html-widget\"><div class=\"page-box  page-box--block\">\n\t\t\t\t\t\t<a class=\"page-box__picture\" href=\"https:\/\/www.freealp.com\/de\/family-activity-gardasee\/\">\n\t\t\t\t\t<img loading=\"lazy\" decoding=\"async\" src=\"https:\/\/www.freealp.com\/wp-content\/uploads\/2019\/04\/family.jpg\" width=\"350\" height=\"175\" srcset=\"https:\/\/www.freealp.com\/wp-content\/uploads\/2019\/04\/family.jpg, https:\/\/www.freealp.com\/wp-content\/uploads\/2019\/04\/family.jpg\" sizes=\"auto, (min-width: 1200px) 350px, (min-width: 992px) 290px, (min-width: 768px) 690px, (min-width: 576px) 510px, calc(100vw - 30px)\" class=\"wp-post-image\" alt=\"Family Activity\">\n\t\t\t\t\t\t\t\t\t<\/a>\n\t\t\t\t\t\t\t\t<div class=\"page-box__content\">\n\t\t\t<h2 class=\"page-box__title\"><a href=\"https:\/\/www.freealp.com\/de\/family-activity-gardasee\/\">FAMILY ACTIVITY<\/a><\/h2>\n\t\t\t\t\t<\/div>\n\t<\/div><\/div><\/div><\/div><\/div><\/div><div id=\"pg-10514-2\"  class=\"panel-grid panel-has-style\" ><div class=\"cta-home-arancio siteorigin-panels-stretch panel-row-style panel-row-style-for-10514-2\" data-stretch-type=\"full\" ><div id=\"pgc-10514-2-0\"  class=\"panel-grid-cell\" ><div id=\"panel-10514-2-0-0\" class=\"so-panel widget widget_pw_call_to_action widget-call-to-action panel-first-child panel-last-child\" data-index=\"5\" >\t\t\t\t<div class=\"call-to-action\">\n\t\t\t\t\t<div class=\"call-to-action__text\">\n\t\t\t\t\t\t<h2 class=\"call-to-action__title\">\n\t\t\t\t\t\t\tOUTDOOR EMOTION ACTIVITY  ARCO GARDA LAKE  <\/span>\t\t\t\t\t\t<\/h2>\n\t\t\t\t\t\t\t\t\t\t\t\t<p class=\"call-to-action__subtitle\">\n\t\t\t\t\t\t\tTouren jeden Tag - Gef\u00fchrte Touren mit Bergf\u00fchrern - Buchungsanfrage\t\t\t\t\t\t<\/p>\n\t\t\t\t\t\t\t\t\t\t\t<\/div>\n\t\t\t\t\t<div class=\"call-to-action__button\">\n\t\t\t\t\t\t<a class=\"btn  btn-outline-light\" href=\"\/de\/weekly-program\/\" target=\"_self\"> Weekly Program<\/a>\t\t\t\t\t<\/div>\n\t\t\t\t<\/div>\n\t\t\t<\/div><\/div><\/div><\/div><div id=\"pg-10514-3\"  class=\"panel-grid panel-no-style\" ><div id=\"pgc-10514-3-0\"  class=\"panel-grid-cell\" ><div id=\"panel-10514-3-0-0\" class=\"so-panel widget widget_pw_special_title widget-special-title panel-first-child panel-last-child\" data-index=\"6\" >\t\t\t<h2 class=\"special-title\">\n\t\t\t\tServices\t\t\t<\/h2>\n\t\t<\/div><\/div><\/div><div id=\"pg-10514-4\"  class=\"panel-grid panel-has-style\" ><div class=\"siteorigin-panels-stretch panel-row-style panel-row-style-for-10514-4\" data-stretch-type=\"full-stretched-padded\" ><div id=\"pgc-10514-4-0\"  class=\"panel-grid-cell\" ><div id=\"panel-10514-4-0-0\" class=\"so-panel widget widget_pw_featured_page widget-featured-page panel-first-child panel-last-child\" data-index=\"7\" >\n\t<div class=\"page-box  page-box--block\">\n\t\t\t\t\t\t<a class=\"page-box__picture\" href=\"https:\/\/www.freealp.com\/de\/services\/junggesellenabschied\/\">\n\t\t\t\t\t<img loading=\"lazy\" decoding=\"async\" src=\"https:\/\/www.freealp.com\/wp-content\/uploads\/2019\/04\/Gruppi-Canyoning-350x175.jpg\" width=\"350\" height=\"175\" srcset=\"https:\/\/www.freealp.com\/wp-content\/uploads\/2019\/04\/Gruppi-Canyoning-350x175.jpg 350w, https:\/\/www.freealp.com\/wp-content\/uploads\/2019\/04\/Gruppi-Canyoning.jpg 4000w\" sizes=\"auto, (min-width: 1200px) 350px, (min-width: 992px) 290px, (min-width: 768px) 690px, (min-width: 576px) 510px, calc(100vw - 30px)\" class=\"wp-post-image\" alt=\"JUNGGESELLENABSCHIED\">\n\t\t\t\t\t\t\t\t\t<\/a>\n\t\t\t\t\t\t\t\t<div class=\"page-box__content\">\n\t\t\t<h2 class=\"page-box__title\"><a href=\"https:\/\/www.freealp.com\/de\/services\/junggesellenabschied\/\">JUNGGESELLENABSCHIED<\/a><\/h2>\n\t\t\t<p class=\"page-box__text\">&nbsp;\nCanyoning - Water Activity\nFeiern Sie mit uns den Junggesellenabschied in einer wundersch\u00f6nen Schlucht.\nTauchg\u00e4nge im Wasser, Rutschen &hellip;<\/p>\n\t\t\t\t\t<\/div>\n\t<\/div>\n\n<\/div><\/div><div id=\"pgc-10514-4-1\"  class=\"panel-grid-cell\" ><div id=\"panel-10514-4-1-0\" class=\"so-panel widget widget_pw_featured_page widget-featured-page panel-first-child panel-last-child\" data-index=\"8\" >\n\t<div class=\"page-box  page-box--block\">\n\t\t\t\t\t\t<a class=\"page-box__picture\" href=\"https:\/\/www.freealp.com\/de\/services\/gruppen-schulen\/\">\n\t\t\t\t\t<img loading=\"lazy\" decoding=\"async\" src=\"https:\/\/www.freealp.com\/wp-content\/uploads\/2019\/04\/Scolaresca-1-350x175.jpg\" width=\"350\" height=\"175\" srcset=\"https:\/\/www.freealp.com\/wp-content\/uploads\/2019\/04\/Scolaresca-1-350x175.jpg 350w, https:\/\/www.freealp.com\/wp-content\/uploads\/2019\/04\/Scolaresca-1.jpg 3264w\" sizes=\"auto, (min-width: 1200px) 350px, (min-width: 992px) 290px, (min-width: 768px) 690px, (min-width: 576px) 510px, calc(100vw - 30px)\" class=\"wp-post-image\" alt=\"GRUPPEN &amp; SCHULEN\">\n\t\t\t\t\t\t\t\t\t<\/a>\n\t\t\t\t\t\t\t\t<div class=\"page-box__content\">\n\t\t\t<h2 class=\"page-box__title\"><a href=\"https:\/\/www.freealp.com\/de\/services\/gruppen-schulen\/\">GRUPPEN &amp; SCHULEN<\/a><\/h2>\n\t\t\t<p class=\"page-box__text\">Klettern - Rockaktivit\u00e4t Outdoor-Aktivit\u00e4t f\u00fcr Gruppen und Schulgruppen Klettertour an den wundersch\u00f6nen W\u00e4nden des Gardasees<\/p>\n\t\t\t\t\t<\/div>\n\t<\/div>\n\n<\/div><\/div><div id=\"pgc-10514-4-2\"  class=\"panel-grid-cell\" ><div id=\"panel-10514-4-2-0\" class=\"so-panel widget widget_pw_featured_page widget-featured-page panel-first-child panel-last-child\" data-index=\"9\" >\n\t<div class=\"page-box  page-box--block\">\n\t\t\t\t\t\t<a class=\"page-box__picture\" href=\"https:\/\/www.freealp.com\/de\/services\/team-building-events\/\">\n\t\t\t\t\t<img loading=\"lazy\" decoding=\"async\" src=\"https:\/\/www.freealp.com\/wp-content\/uploads\/2018\/01\/Nago-1-e1554990341297-350x175.jpg\" width=\"350\" height=\"175\" srcset=\"https:\/\/www.freealp.com\/wp-content\/uploads\/2018\/01\/Nago-1-e1554990341297-350x175.jpg 350w, https:\/\/www.freealp.com\/wp-content\/uploads\/2018\/01\/Nago-1-e1554990341297.jpg 3024w\" sizes=\"auto, (min-width: 1200px) 350px, (min-width: 992px) 290px, (min-width: 768px) 690px, (min-width: 576px) 510px, calc(100vw - 30px)\" class=\"wp-post-image\" alt=\"TEAM BUILDING &amp; EVENTS\">\n\t\t\t\t\t\t\t\t\t<\/a>\n\t\t\t\t\t\t\t\t<div class=\"page-box__content\">\n\t\t\t<h2 class=\"page-box__title\"><a href=\"https:\/\/www.freealp.com\/de\/services\/team-building-events\/\">TEAM BUILDING &amp; EVENTS<\/a><\/h2>\n\t\t\t<p class=\"page-box__text\">Via Ferrata - Aktivit\u00e4ten zur Felsaktivit\u00e4t Teambuilding &amp; Events Tour Via Ferrata auf der Burg Arco oder im Jurassic Canyon des Rio Salagoni.<\/p>\n\t\t\t\t\t<\/div>\n\t<\/div>\n\n<\/div><\/div><div id=\"pgc-10514-4-3\"  class=\"panel-grid-cell\" ><div id=\"panel-10514-4-3-0\" class=\"so-panel widget widget_pw_featured_page widget-featured-page panel-first-child panel-last-child\" data-index=\"10\" >\n\t<div class=\"page-box  page-box--block\">\n\t\t\t\t\t\t<a class=\"page-box__picture\" href=\"https:\/\/www.freealp.com\/de\/services\/vermietung\/\">\n\t\t\t\t\t<img loading=\"lazy\" decoding=\"async\" src=\"https:\/\/www.freealp.com\/wp-content\/uploads\/2019\/04\/noleggio-350x175.jpg\" width=\"350\" height=\"175\" srcset=\"https:\/\/www.freealp.com\/wp-content\/uploads\/2019\/04\/noleggio-350x175.jpg 350w, https:\/\/www.freealp.com\/wp-content\/uploads\/2019\/04\/noleggio.jpg 599w\" sizes=\"auto, (min-width: 1200px) 350px, (min-width: 992px) 290px, (min-width: 768px) 690px, (min-width: 576px) 510px, calc(100vw - 30px)\" class=\"wp-post-image\" alt=\"VERMIETUNG\">\n\t\t\t\t\t\t\t\t\t<\/a>\n\t\t\t\t\t\t\t\t<div class=\"page-box__content\">\n\t\t\t<h2 class=\"page-box__title\"><a href=\"https:\/\/www.freealp.com\/de\/services\/vermietung\/\">VERMIETUNG<\/a><\/h2>\n\t\t\t<p class=\"page-box__text\"><\/p>\n\t\t\t\t\t<\/div>\n\t<\/div>\n\n<\/div><\/div><\/div><\/div><\/div>","protected":false},"excerpt":{"rendered":"<p>ACTIVITIES CANYONING KLETTERN KLETTERSTEIGE FAMILY ACTIVITY OUTDOOR EMOTION ACTIVITY ARCO GARDA LAKE Touren jeden Tag &#8211; Gef\u00fchrte Touren mit Bergf\u00fchrern &#8211; Buchungsanfrage Weekly Program Services JUNGGESELLENABSCHIED &nbsp; Canyoning &#8211; Water Activity Feiern Sie mit uns den Junggesellenabschied in einer wundersch\u00f6nen Schlucht. Tauchg\u00e4nge im Wasser, Rutschen &hellip; GRUPPEN &amp; SCHULEN Klettern &#8211; Rockaktivit\u00e4t Outdoor-Aktivit\u00e4t f\u00fcr Gruppen &hellip;<\/p>\n","protected":false},"author":1,"featured_media":0,"parent":0,"menu_order":0,"comment_status":"closed","ping_status":"closed","template":"template-front-page-slider.php","meta":{"_acf_changed":false,"footnotes":""},"class_list":{"0":"post-10514","1":"page","2":"type-page","3":"status-publish","5":"clearfix","6":"article"},"acf":[],"yoast_head":"<!-- This site is optimized with the Yoast SEO plugin v26.8 - https:\/\/yoast.com\/product\/yoast-seo-wordpress\/ -->\n<title>Arco Bergf\u00fchrer - Free Alp Outdoor-Aktivit\u00e4ten am Gardasee - Canyoning, Klettern, Klettersteig, Kinder &amp; Familie - Free Alp<\/title>\n<meta name=\"description\" content=\"Die Firma Alpine Guide f\u00fchrt begleitende Aktivit\u00e4ten durch und organisiert Kurse in der gesamten Region Trentino Alto Adige, insbesondere im Bereich des Gardasees. Spezialisten f\u00fcr Klettern, Klettersteige, Canyoning, Trekking und Outdoor-Aktivit\u00e4ten mit Kindern und Familien im Sommer. Wir organisieren Junggesellenabschiede, Geburtstagsfeiern, Gruppen, Schulausfl\u00fcge, Teambuilding und Firmenveranstaltungen.\" \/>\n<meta name=\"robots\" content=\"index, follow, max-snippet:-1, max-image-preview:large, max-video-preview:-1\" \/>\n<link rel=\"canonical\" href=\"https:\/\/www.freealp.com\/de\/\" \/>\n<meta property=\"og:locale\" content=\"de_DE\" \/>\n<meta property=\"og:type\" content=\"article\" \/>\n<meta property=\"og:title\" content=\"Arco Bergf\u00fchrer - Free Alp Outdoor-Aktivit\u00e4ten am Gardasee - Canyoning, Klettern, Klettersteig, Kinder &amp; Familie - Free Alp\" \/>\n<meta property=\"og:description\" content=\"Die Firma Alpine Guide f\u00fchrt begleitende Aktivit\u00e4ten durch und organisiert Kurse in der gesamten Region Trentino Alto Adige, insbesondere im Bereich des Gardasees. Spezialisten f\u00fcr Klettern, Klettersteige, Canyoning, Trekking und Outdoor-Aktivit\u00e4ten mit Kindern und Familien im Sommer. Wir organisieren Junggesellenabschiede, Geburtstagsfeiern, Gruppen, Schulausfl\u00fcge, Teambuilding und Firmenveranstaltungen.\" \/>\n<meta property=\"og:url\" content=\"https:\/\/www.freealp.com\/de\/\" \/>\n<meta property=\"og:site_name\" content=\"Free Alp\" \/>\n<meta property=\"article:modified_time\" content=\"2021-05-11T14:40:48+00:00\" \/>\n<meta name=\"twitter:card\" content=\"summary_large_image\" \/>\n<script type=\"application\/ld+json\" class=\"yoast-schema-graph\">{\"@context\":\"https:\/\/schema.org\",\"@graph\":[{\"@type\":\"WebPage\",\"@id\":\"https:\/\/www.freealp.com\/de\/\",\"url\":\"https:\/\/www.freealp.com\/de\/\",\"name\":\"Arco Bergf\u00fchrer - Free Alp Outdoor-Aktivit\u00e4ten am Gardasee - Canyoning, Klettern, Klettersteig, Kinder & Familie - Free Alp\",\"isPartOf\":{\"@id\":\"https:\/\/www.freealp.com\/#website\"},\"datePublished\":\"2020-08-07T12:51:45+00:00\",\"dateModified\":\"2021-05-11T14:40:48+00:00\",\"description\":\"Die Firma Alpine Guide f\u00fchrt begleitende Aktivit\u00e4ten durch und organisiert Kurse in der gesamten Region Trentino Alto Adige, insbesondere im Bereich des Gardasees. Spezialisten f\u00fcr Klettern, Klettersteige, Canyoning, Trekking und Outdoor-Aktivit\u00e4ten mit Kindern und Familien im Sommer. Wir organisieren Junggesellenabschiede, Geburtstagsfeiern, Gruppen, Schulausfl\u00fcge, Teambuilding und Firmenveranstaltungen.\",\"breadcrumb\":{\"@id\":\"https:\/\/www.freealp.com\/de\/#breadcrumb\"},\"inLanguage\":\"de\",\"potentialAction\":[{\"@type\":\"ReadAction\",\"target\":[\"https:\/\/www.freealp.com\/de\/\"]}]},{\"@type\":\"BreadcrumbList\",\"@id\":\"https:\/\/www.freealp.com\/de\/#breadcrumb\",\"itemListElement\":[{\"@type\":\"ListItem\",\"position\":1,\"name\":\"Home\",\"item\":\"https:\/\/www.freealp.com\/de\/\"},{\"@type\":\"ListItem\",\"position\":2,\"name\":\"Arco Bergf\u00fchrer &#8211; Free Alp Outdoor-Aktivit\u00e4ten am Gardasee &#8211; Canyoning, Klettern, Klettersteig, Kinder &#038; Familie\"}]},{\"@type\":\"WebSite\",\"@id\":\"https:\/\/www.freealp.com\/#website\",\"url\":\"https:\/\/www.freealp.com\/\",\"name\":\"Free Alp\",\"description\":\"OUTDOOR EMOTION ACTIVITY ARCO GARDA LAKE\",\"potentialAction\":[{\"@type\":\"SearchAction\",\"target\":{\"@type\":\"EntryPoint\",\"urlTemplate\":\"https:\/\/www.freealp.com\/?s={search_term_string}\"},\"query-input\":{\"@type\":\"PropertyValueSpecification\",\"valueRequired\":true,\"valueName\":\"search_term_string\"}}],\"inLanguage\":\"de\"}]}<\/script>\n<!-- \/ Yoast SEO plugin. -->","yoast_head_json":{"title":"Arco Bergf\u00fchrer - Free Alp Outdoor-Aktivit\u00e4ten am Gardasee - Canyoning, Klettern, Klettersteig, Kinder & Familie - Free Alp","description":"Die Firma Alpine Guide f\u00fchrt begleitende Aktivit\u00e4ten durch und organisiert Kurse in der gesamten Region Trentino Alto Adige, insbesondere im Bereich des Gardasees. Spezialisten f\u00fcr Klettern, Klettersteige, Canyoning, Trekking und Outdoor-Aktivit\u00e4ten mit Kindern und Familien im Sommer. Wir organisieren Junggesellenabschiede, Geburtstagsfeiern, Gruppen, Schulausfl\u00fcge, Teambuilding und Firmenveranstaltungen.","robots":{"index":"index","follow":"follow","max-snippet":"max-snippet:-1","max-image-preview":"max-image-preview:large","max-video-preview":"max-video-preview:-1"},"canonical":"https:\/\/www.freealp.com\/de\/","og_locale":"de_DE","og_type":"article","og_title":"Arco Bergf\u00fchrer - Free Alp Outdoor-Aktivit\u00e4ten am Gardasee - Canyoning, Klettern, Klettersteig, Kinder & Familie - Free Alp","og_description":"Die Firma Alpine Guide f\u00fchrt begleitende Aktivit\u00e4ten durch und organisiert Kurse in der gesamten Region Trentino Alto Adige, insbesondere im Bereich des Gardasees. Spezialisten f\u00fcr Klettern, Klettersteige, Canyoning, Trekking und Outdoor-Aktivit\u00e4ten mit Kindern und Familien im Sommer. Wir organisieren Junggesellenabschiede, Geburtstagsfeiern, Gruppen, Schulausfl\u00fcge, Teambuilding und Firmenveranstaltungen.","og_url":"https:\/\/www.freealp.com\/de\/","og_site_name":"Free Alp","article_modified_time":"2021-05-11T14:40:48+00:00","twitter_card":"summary_large_image","schema":{"@context":"https:\/\/schema.org","@graph":[{"@type":"WebPage","@id":"https:\/\/www.freealp.com\/de\/","url":"https:\/\/www.freealp.com\/de\/","name":"Arco Bergf\u00fchrer - Free Alp Outdoor-Aktivit\u00e4ten am Gardasee - Canyoning, Klettern, Klettersteig, Kinder & Familie - Free Alp","isPartOf":{"@id":"https:\/\/www.freealp.com\/#website"},"datePublished":"2020-08-07T12:51:45+00:00","dateModified":"2021-05-11T14:40:48+00:00","description":"Die Firma Alpine Guide f\u00fchrt begleitende Aktivit\u00e4ten durch und organisiert Kurse in der gesamten Region Trentino Alto Adige, insbesondere im Bereich des Gardasees. Spezialisten f\u00fcr Klettern, Klettersteige, Canyoning, Trekking und Outdoor-Aktivit\u00e4ten mit Kindern und Familien im Sommer. Wir organisieren Junggesellenabschiede, Geburtstagsfeiern, Gruppen, Schulausfl\u00fcge, Teambuilding und Firmenveranstaltungen.","breadcrumb":{"@id":"https:\/\/www.freealp.com\/de\/#breadcrumb"},"inLanguage":"de","potentialAction":[{"@type":"ReadAction","target":["https:\/\/www.freealp.com\/de\/"]}]},{"@type":"BreadcrumbList","@id":"https:\/\/www.freealp.com\/de\/#breadcrumb","itemListElement":[{"@type":"ListItem","position":1,"name":"Home","item":"https:\/\/www.freealp.com\/de\/"},{"@type":"ListItem","position":2,"name":"Arco Bergf\u00fchrer &#8211; Free Alp Outdoor-Aktivit\u00e4ten am Gardasee &#8211; Canyoning, Klettern, Klettersteig, Kinder &#038; Familie"}]},{"@type":"WebSite","@id":"https:\/\/www.freealp.com\/#website","url":"https:\/\/www.freealp.com\/","name":"Free Alp","description":"OUTDOOR EMOTION ACTIVITY ARCO GARDA LAKE","potentialAction":[{"@type":"SearchAction","target":{"@type":"EntryPoint","urlTemplate":"https:\/\/www.freealp.com\/?s={search_term_string}"},"query-input":{"@type":"PropertyValueSpecification","valueRequired":true,"valueName":"search_term_string"}}],"inLanguage":"de"}]}},"_links":{"self":[{"href":"https:\/\/www.freealp.com\/de\/wp-json\/wp\/v2\/pages\/10514","targetHints":{"allow":["GET"]}}],"collection":[{"href":"https:\/\/www.freealp.com\/de\/wp-json\/wp\/v2\/pages"}],"about":[{"href":"https:\/\/www.freealp.com\/de\/wp-json\/wp\/v2\/types\/page"}],"author":[{"embeddable":true,"href":"https:\/\/www.freealp.com\/de\/wp-json\/wp\/v2\/users\/1"}],"replies":[{"embeddable":true,"href":"https:\/\/www.freealp.com\/de\/wp-json\/wp\/v2\/comments?post=10514"}],"version-history":[{"count":2,"href":"https:\/\/www.freealp.com\/de\/wp-json\/wp\/v2\/pages\/10514\/revisions"}],"predecessor-version":[{"id":10612,"href":"https:\/\/www.freealp.com\/de\/wp-json\/wp\/v2\/pages\/10514\/revisions\/10612"}],"wp:attachment":[{"href":"https:\/\/www.freealp.com\/de\/wp-json\/wp\/v2\/media?parent=10514"}],"curies":[{"name":"wp","href":"https:\/\/api.w.org\/{rel}","templated":true}]}}